{"id":3359,"date":"2021-02-16T15:32:58","date_gmt":"2021-02-16T21:32:58","guid":{"rendered":"https:\/\/visualmagiccorp.com\/?page_id=3359"},"modified":"2024-10-03T09:40:40","modified_gmt":"2024-10-03T15:40:40","slug":"privacy-policy","status":"publish","type":"page","link":"https:\/\/visualmagiccorp.com\/es\/privacy-policy\/","title":{"rendered":"Pol\u00edtica de privacidad"},"content":{"rendered":"<div class=\"fusion-fullwidth fullwidth-box fusion-builder-row-1 fusion-flex-container nonhundred-percent-fullwidth non-hundred-percent-height-scrolling\" style=\"background-color: rgba(255,255,255,0);background-position: center center;background-repeat: no-repeat;border-width: 0px 0px 0px 0px;border-color:#e2e2e2;border-style:solid;\" ><div class=\"fusion-builder-row fusion-row fusion-flex-align-items-flex-start\" style=\"max-width:1216.8px;margin-left: calc(-4% \/ 2 );margin-right: calc(-4% \/ 2 );\"><div class=\"fusion-layout-column fusion_builder_column fusion-builder-column-0 fusion_builder_column_1_1 1_1 fusion-flex-column\"><div class=\"fusion-column-wrapper fusion-flex-justify-content-flex-start fusion-content-layout-column\" style=\"background-position:left top;background-repeat:no-repeat;-webkit-background-size:cover;-moz-background-size:cover;-o-background-size:cover;background-size:cover;padding: 0px 0px 0px 0px;\"><div class=\"fusion-text fusion-text-1\"><p>\u00daltima actualizaci\u00f3n 10\/01\/2024<\/p>\n<p>VISUAL MAGIC est\u00e1 100% comprometido con la protecci\u00f3n de su privacidad.  Esta pol\u00edtica de privacidad le habla sobre nuestra recopilaci\u00f3n y uso de datos en l\u00ednea.  Los t\u00e9rminos de esta pol\u00edtica se aplican a todos los sitios web de VISUAL MAGIC a menos que se especifiquen t\u00e9rminos diferentes en un formulario o contrato que se le proporcione en l\u00ednea o fuera de l\u00ednea.<\/p>\n<p>VISUAL MAGIC est\u00e1 100% comprometido con la protecci\u00f3n de su privacidad.  Esta pol\u00edtica de privacidad le habla sobre nuestra recopilaci\u00f3n y uso de datos en l\u00ednea.  Los t\u00e9rminos de esta pol\u00edtica se aplican a todos los sitios web de VISUAL MAGIC a menos que se especifiquen t\u00e9rminos diferentes en un formulario o contrato que se le proporcione en l\u00ednea o fuera de l\u00ednea.<\/p>\n<p><strong>RECOPILACI\u00d3N DE SU INFORMACI\u00d3N PERSONAL<\/strong><br \/>\nPUBLICIDAD DIGITAL recopila cierta informaci\u00f3n, como el sitio web que nos remiti\u00f3, su direcci\u00f3n IP, el tipo de navegador y el idioma, y los tiempos de acceso.  Tambi\u00e9n podemos recopilar informaci\u00f3n de navegaci\u00f3n, incluida informaci\u00f3n sobre las p\u00e1ginas que visita, los enlaces en los que hace clic y otras acciones realizadas en relaci\u00f3n con el sitio.<br \/>\nPodemos combinar su informaci\u00f3n de visita y navegaci\u00f3n con la informaci\u00f3n personal que nos proporcione.  Siempre puede optar por no proporcionar informaci\u00f3n personal, pero ciertos productos y servicios pueden no estar disponibles para usted si as\u00ed lo desea.  Los datos personales (por ejemplo, su nombre de usuario y contrase\u00f1a, nombre, direcci\u00f3n postal, direcci\u00f3n de correo electr\u00f3nico y n\u00famero de tel\u00e9fono) se recopilan cuando se registra.  Se recopila informaci\u00f3n personal adicional (por ejemplo, su n\u00famero de tarjeta de cr\u00e9dito y direcci\u00f3n de facturaci\u00f3n) para procesar transacciones o proporcionarle servicios.<br \/>\nLa informaci\u00f3n demogr\u00e1fica limitada, como la industria en la que trabaja o la ubicaci\u00f3n, a veces se recopila y puede estar vinculada a su informaci\u00f3n personal.<\/p>\n<p><strong>USO DE SU INFORMACI\u00d3N PERSONAL<\/strong><br \/>\nVISUAL MAGIC recopila y utiliza su informaci\u00f3n personal para operar y mejorar nuestros sitios, procesar sus transacciones, proporcionar servicio al cliente, realizar investigaciones y an\u00e1lisis dirigidos a mejorar nuestros servicios y tecnolog\u00edas, y mostrar contenido personalizado a sus intereses y preferencias.<br \/>\nVISUAL MAGIC recopila y utiliza su informaci\u00f3n personal para operar y mejorar nuestros sitios, procesar sus transacciones, proporcionar servicio al cliente, realizar investigaciones y an\u00e1lisis dirigidos a mejorar nuestros servicios y tecnolog\u00edas, y mostrar contenido personalizado a sus intereses y preferencias.<br \/>\nLa informaci\u00f3n personal recopilada por VISUAL MAGIC puede almacenarse y procesarse en M\u00e9xico o en cualquier otro pa\u00eds en el que VISUAL MAGIC o sus filiales, subsidiarias, contratistas o agentes tengan instalaciones. Al utilizar nuestros sitios o servicios, usted acepta cualquier transferencia de informaci\u00f3n fuera de su pa\u00eds.<\/p>\n<p><strong>INTERCAMBIO DE SU INFORMACI\u00d3N PERSONAL<\/strong><br \/>\nPodemos compartir su informaci\u00f3n personal dentro de nuestro grupo corporativo, incluidas nuestras subsidiarias y divisiones, todas las cuales pueden usar sus datos para los fines descritos en este documento.<\/p>\n<p>Podemos compartir su informaci\u00f3n personal con proveedores de servicios que prestan servicios en nuestro nombre.  Por ejemplo, podemos contratar a otras empresas para manejar el procesamiento de pagos, proporcionar almacenamiento de datos, alojar sitios web, cumplir con pedidos y env\u00edos, ayudar en marketing directo, realizar auditor\u00edas, etc.  A esas compa\u00f1\u00edas se les permitir\u00e1 obtener solo la informaci\u00f3n personal que necesitan para proporcionar el servicio.  Deben mantener la confidencialidad de la informaci\u00f3n y tienen prohibido utilizarla para cualquier otro fin.<\/p>\n<p>La informaci\u00f3n sobre nuestros clientes, incluida la informaci\u00f3n personal, puede divulgarse como parte de cualquier fusi\u00f3n, adquisici\u00f3n o venta de la compa\u00f1\u00eda y \/ o sus activos, as\u00ed como en el improbable caso de insolvencia, bancarrota o administraci\u00f3n judicial, en la que la informaci\u00f3n personal se transferir\u00eda como uno de los activos comerciales de la compa\u00f1\u00eda. Le notificaremos de tal ocurrencia descrita en la secci\u00f3n \"Cambios a esta Pol\u00edtica de privacidad\" a continuaci\u00f3n.<\/p>\n<p>Nos reservamos el derecho de divulgar su informaci\u00f3n personal si as\u00ed lo requiere la ley o en la creencia de buena fe de que dicha acci\u00f3n es razonablemente necesaria para cumplir con un proceso legal, responder a reclamos o proteger los derechos, la propiedad o la seguridad de nuestra compa\u00f1\u00eda, empleados, clientes o el p\u00fablico.<\/p>\n<p><strong>ACESO A SU INFORMACI\u00d3N PERSONAL<\/strong><br \/>\nSi desea revisar o revisar la informaci\u00f3n que nos proporcion\u00f3 anteriormente, puede acceder a su informaci\u00f3n en la secci\u00f3n \"Mi cuenta\".  Nuestro departamento de servicio al cliente tambi\u00e9n puede ayudarle a realizar cualquier cambio y ejercer su derecho a que se eliminen sus datos.  Si necesita ayuda adicional, p\u00f3ngase en contacto con nosotros en attentionclient@visualmagiccorp.com.   Puede esperar una respuesta de nuestra parte dentro de los diez (10) d\u00edas calendario.  Tenga en cuenta que no puede cambiar su nombre de usuario sin volver a registrar el correo electr\u00f3nico de cambio en el correo electr\u00f3nico de VISUAL MAGIC.<\/p>\n<p><strong>PERSONAL INFORMATION PREFERENCES<\/strong><br \/>\nVISUAL MAGIC respects your right to make decisions about the use and disclosure of your personal information. If at any time you decide that you do not want to receive our marketing emails, please let us know (1) by checking or unchecking the appropriate box on your online registration form or on the &#8220;My Profile&#8221; page of the website; (2) by contacting Customer Service; or (3) sending an email to attentionclient@visualmagiccorp.com, change email.<br \/>\nIf you decide not to receive marketing emails, please note that you may continue to receive emails about transactions or your account (for example, purchase confirmations and account statements).<\/p>\n<p><strong>PREFERENCIAS DE INFORMACI\u00d3N PERSONAL<\/strong><br \/>\nVISUAL MAGIC respeta su derecho a tomar decisiones sobre el uso y la divulgaci\u00f3n de su informaci\u00f3n personal.  Si en alg\u00fan momento decide que no desea recibir nuestros correos electr\u00f3nicos de marketing, comun\u00edquenoslo (1) marcando o desmarcando la casilla correspondiente en su formulario de registro en l\u00ednea o en la p\u00e1gina \"Mi perfil\" del sitio web; (2) poni\u00e9ndose en contacto con el Servicio de Atenci\u00f3n al Cliente; o (3) enviando un correo electr\u00f3nico a attentionclient@visualmagiccorp.com, cambiar correo electr\u00f3nico.   \nSi decide no recibir correos electr\u00f3nicos de marketing, tenga en cuenta que puede seguir recibiendo correos electr\u00f3nicos sobre transacciones o sobre su cuenta (por ejemplo, confirmaciones de compra y estados de cuenta).<\/p>\n<p><strong>LAS COOKIES LE OFRECEN MUCHAS COMODIDADES:<\/strong><br \/>\n\u25cf Nos permiten identificar a los usuarios registrados cuando regresan al sitio para recuperar resultados de b\u00fasqueda de im\u00e1genes anteriores, acceder a Lightboxes y carritos de compras, y ver sus facturas anteriores.<br \/>\n\u25cf Las cookies le ahorran tiempo al eliminar la necesidad de introducir la misma informaci\u00f3n repetidamente.<br \/>\n\u25cf Las cookies nos permiten enviarle contenido personalizado, incluidos los resultados de b\u00fasqueda y la publicidad dirigida<br \/>\n\u25cf Las cookies ayudan a proteger su seguridad mediante la comprobaci\u00f3n de sus datos de inicio de sesi\u00f3n y pueden ayudar a prevenir el fraude.<br \/>\n\u25cf Las cookies recuerdan sus preferencias al utilizar el sitio.<br \/>\n\u25cf Las cookies tambi\u00e9n identifican a clientes particulares si dichos clientes desean la asistencia de un representante de servicio al cliente en vivo y en l\u00ednea.<br \/>\n\u25cf Nos esforzamos por hacer que este sitio sea f\u00e1cil de usar y relevante.  Nuestro objetivo es ofrecerte productos y\/o servicios m\u00e1s personalizados.<\/p>\n<p>Para este prop\u00f3sito, VISUAL MAGIC tambi\u00e9n trabaja con socios externos, que utilizan cookies en nuestro sitio para:<br \/>\n\u25cf Medir y analizar el uso agregado y la informaci\u00f3n estad\u00edstica de volumen de nuestros usuarios en nuestro sitio web.  La informaci\u00f3n recopilada puede incluir, pero no se limita a lo siguiente: actividad del navegador del usuario cuando el usuario est\u00e1 visitando el sitio, la ruta del sitio de los usuarios, informaci\u00f3n general sobre el proveedor de servicios de Internet y el host del visitante, y el momento en que los usuarios llegan al sitio.<br \/>\n\u25cf Recuerde la b\u00fasqueda anterior de servicios de nuestros usuarios y muestre din\u00e1micamente contenido m\u00e1s relevante para ellos.<br \/>\n\u25cf Registre el comportamiento de los usuarios en nuestro sitio, como las p\u00e1ginas visitadas, los correos electr\u00f3nicos en los que se ha hecho clic, los formularios completados y los servicios adquiridos para crear anuncios y comunicaciones personalizados que satisfagan mejor sus necesidades.<br \/>\n\u25cf Evaluar el tr\u00e1fico y el comportamiento de los usuarios en el sitio para compilar informes de actividad solo para nuestro uso interno.<br \/>\n\u25cf Realizar investigaciones y diagn\u00f3sticos para mejorar nuestros servicios.<br \/>\n\u25cf Identificar a los usuarios que llegan al sitio a trav\u00e9s de una referencia de un sitio web afiliado o un enlace patrocinado.<\/p>\n<p>Esta pol\u00edtica de privacidad cubre el uso de cookies por parte de VISUAL MAGIC \u00fanicamente y no cubre el uso de cookies por parte de terceros.  Si desea obtener m\u00e1s informaci\u00f3n sobre las empresas de publicidad en Internet, incluida la forma de excluirse de su recopilaci\u00f3n de informaci\u00f3n, visite www.networkadvertising.org.<br \/>\nAdem\u00e1s de las cookies, podemos utilizar otras tecnolog\u00edas, incluidos gifs de un solo p\u00edxel (tambi\u00e9n conocidos como balizas web) en nuestros sitios web y en mensajes de correo electr\u00f3nico promocionales o boletines informativos.  Estas diminutas im\u00e1genes electr\u00f3nicas nos ayudan a determinar cu\u00e1ntos usuarios han visitado ciertas p\u00e1ginas o han abierto notificaciones o boletines informativos.  No utilizamos estos gifs de un solo p\u00edxel para recopilar informaci\u00f3n personal.<br \/>\nPuede aceptar o rechazar las cookies.  La mayor\u00eda de los navegadores aceptan autom\u00e1ticamente las cookies, pero usted puede modificar la configuraci\u00f3n de su navegador para rechazar las cookies.  Tenga en cuenta que el sitio est\u00e1 dise\u00f1ado de manera \u00f3ptima para operar con cookies habilitadas en su navegador de Internet.  Si decide rechazar las cookies, no puede iniciar sesi\u00f3n ni utilizar otras funciones interactivas de nuestros sitios y servicios que dependan de las cookies.  Esto puede afectar negativamente su experiencia en el sitio web.<\/p>\n<p><strong>SEGURIDAD DE SU INFORMACI\u00d3N PERSONAL<\/strong><br \/>\nLa seguridad de su informaci\u00f3n personal es importante para nosotros.  Seguimos los est\u00e1ndares generalmente aceptados de la industria para ayudar a proteger su informaci\u00f3n personal.  Por ejemplo, cuando ingresa informaci\u00f3n confidencial (como un n\u00famero de tarjeta de cr\u00e9dito) en nuestros formularios de registro o pedido, ciframos esa informaci\u00f3n utilizando la tecnolog\u00eda secure socket layer (SSL).  Ning\u00fan m\u00e9todo de transmisi\u00f3n a trav\u00e9s de Internet o m\u00e9todo de almacenamiento electr\u00f3nico es 100% seguro.  Por lo tanto, aunque nos esforzamos por proteger su informaci\u00f3n personal, no podemos garantizar su seguridad absoluta.<br \/>\nSi se utiliza una contrase\u00f1a para proteger su cuenta e informaci\u00f3n personal, es su responsabilidad mantener su contrase\u00f1a confidencial.<\/p>\n<p><strong>REFERENCIAS DE CORREO ELECTR\u00d3NICO<\/strong><br \/>\nSi decide utilizar nuestros servicios de referencia por correo electr\u00f3nico para informar a un amigo sobre nuestros servicios, le pediremos el nombre y la direcci\u00f3n de correo electr\u00f3nico de su amigo.  Usaremos esa informaci\u00f3n para enviar a su amigo un correo electr\u00f3nico de una sola vez invit\u00e1ndolo a visitar el sitio y revisar el servicio que ha seleccionado.  Podemos utilizar un proveedor externo para administrar esta funci\u00f3n, pero cualquier proveedor externo solo puede usar la informaci\u00f3n enviada para facilitar este correo electr\u00f3nico de una sola vez.  Ni VISUAL MAGIC ni ning\u00fan proveedor externo almacena esta informaci\u00f3n despu\u00e9s de que se env\u00eda el correo electr\u00f3nico.<\/p>\n<p><strong>Menores<\/strong><br \/>\nNo tenemos la intenci\u00f3n de solicitar o recopilar informaci\u00f3n personal de ninguna persona menor de edad.  Si usted es menor de edad, no debe utilizar o introducir informaci\u00f3n en este sitio.<\/p>\n<p><strong>Enlaces<\/strong><br \/>\nPodemos enlazar a sitios web, incluidos los de nuestros proveedores de contenido externos, con pol\u00edticas y pr\u00e1cticas de privacidad diferentes de las que se divulgan aqu\u00ed.  No asumimos ninguna responsabilidad por las pol\u00edticas o pr\u00e1cticas de dichos sitios vinculados y le recomendamos que se familiarice con ellos antes de usarlos.<\/p>\n<p><strong>ASOCIACI\u00d3N DE MARKETING DIRECTO (DMA)<\/strong><br \/>\nSi tiene preguntas o inquietudes con respecto a esta pol\u00edtica de privacidad, primero debe ponerse en contacto con VISUAL MAGIC (utilizando la Informaci\u00f3n de contacto en nuestra p\u00e1gina Cont\u00e1ctenos).  Supongamos que no recibe un acuse de recibo de su consulta o que su b\u00fasqueda no se ha abordado satisfactoriamente. En ese caso, debe ponerse en contacto con la Asociaci\u00f3n de Marketing Directo por correo electr\u00f3nico a VISUAL MAGIC en attentionclient@visualmagiccorp.com.<\/p>\n<p><strong>CAMBIOS A ESTA POL\u00cdTICA DE PRIVACIDAD<\/strong><br \/>\nNos reservamos el derecho de cambiar los t\u00e9rminos de esta pol\u00edtica de privacidad en cualquier momento.  Cuando realicemos cambios, revisaremos la fecha de la \"\u00faltima actualizaci\u00f3n\" en la parte superior de la pol\u00edtica.  Supongamos que hay cambios materiales en esta declaraci\u00f3n o en la forma en que VISUAL MAGIC utilizar\u00e1 su informaci\u00f3n personal. En ese caso, le notificaremos publicando un aviso destacado de dichos cambios aqu\u00ed o en nuestra p\u00e1gina de inicio o envi\u00e1ndole un correo electr\u00f3nico. Le recomendamos que revise esta pol\u00edtica cada vez que visite uno de nuestros sitios.<\/p>\n<p><b>VISUAL MAGIC<\/b><\/p>\n<p>Panam\u00e1, Bella Vista, PH Habitad Plaza, piso 5, Unidad 500-3<\/p>\n<p>Correo Electr\u00f3nico: attentionclient@visualmagiccorp.com<\/p>\n<p>N\u00famero de Tel\u00e9fono: +507 310-8272<\/p><\/p>\n<\/div><\/div><style type=\"text\/css\">.fusion-body .fusion-builder-column-0{width:100% !important;margin-top : 0px;margin-bottom : 0px;}.fusion-builder-column-0 > .fusion-column-wrapper {padding-top : 0px !important;padding-right : 0px !important;margin-right : 1.92%;padding-bottom : 0px !important;padding-left : 0px !important;margin-left : 1.92%;}@media only screen and (max-width:1024px) {.fusion-body .fusion-builder-column-0{width:100% !important;}.fusion-builder-column-0 > .fusion-column-wrapper {margin-right : 1.92%;margin-left : 1.92%;}}@media only screen and (max-width:640px) {.fusion-body .fusion-builder-column-0{width:100% !important;}.fusion-builder-column-0 > .fusion-column-wrapper {margin-right : 1.92%;margin-left : 1.92%;}}<\/style><\/div><\/div><style type=\"text\/css\">.fusion-body .fusion-flex-container.fusion-builder-row-1{ padding-top : 30px;margin-top : 0px;padding-right : 50px;padding-bottom : 30px;margin-bottom : 0px;padding-left : 50px;}<\/style><\/div>","protected":false},"excerpt":{"rendered":"","protected":false},"author":23,"featured_media":0,"parent":0,"menu_order":0,"comment_status":"closed","ping_status":"closed","template":"","meta":{"footnotes":""},"class_list":["post-3359","page","type-page","status-publish","hentry"],"_links":{"self":[{"href":"https:\/\/visualmagiccorp.com\/es\/wp-json\/wp\/v2\/pages\/3359","targetHints":{"allow":["GET"]}}],"collection":[{"href":"https:\/\/visualmagiccorp.com\/es\/wp-json\/wp\/v2\/pages"}],"about":[{"href":"https:\/\/visualmagiccorp.com\/es\/wp-json\/wp\/v2\/types\/page"}],"author":[{"embeddable":true,"href":"https:\/\/visualmagiccorp.com\/es\/wp-json\/wp\/v2\/users\/23"}],"replies":[{"embeddable":true,"href":"https:\/\/visualmagiccorp.com\/es\/wp-json\/wp\/v2\/comments?post=3359"}],"version-history":[{"count":7,"href":"https:\/\/visualmagiccorp.com\/es\/wp-json\/wp\/v2\/pages\/3359\/revisions"}],"predecessor-version":[{"id":3620,"href":"https:\/\/visualmagiccorp.com\/es\/wp-json\/wp\/v2\/pages\/3359\/revisions\/3620"}],"wp:attachment":[{"href":"https:\/\/visualmagiccorp.com\/es\/wp-json\/wp\/v2\/media?parent=3359"}],"curies":[{"name":"wp","href":"https:\/\/api.w.org\/{rel}","templated":true}]}}