{"id":3479,"date":"2021-11-18T13:42:24","date_gmt":"2021-11-18T19:42:24","guid":{"rendered":"https:\/\/visualmagiccorp.com\/?post_type=product&#038;p=3479"},"modified":"2025-05-04T11:33:53","modified_gmt":"2025-05-04T17:33:53","slug":"online-reputation-management-packages","status":"publish","type":"product","link":"https:\/\/visualmagiccorp.com\/es\/product\/online-reputation-management-packages\/","title":{"rendered":"Manejo de reputaci\u00f3n"},"content":{"rendered":"<table width=\"100%\">\n<tbody>\n<tr>\n<td width=\"29%\"><\/td>\n<td width=\"16%\"><strong>Bronce<\/strong><\/td>\n<td width=\"18%\"><strong>Plata<\/strong><\/td>\n<td width=\"18%\"><strong>Oro<\/strong><\/td>\n<td width=\"18%\"><strong>Platino<\/strong><\/td>\n<\/tr>\n<tr>\n<td width=\"29%\"><\/td>\n<td width=\"16%\"><strong>USD $169.99 \/ mes<\/strong><\/td>\n<td width=\"18%\"><strong>USD $229.99 \/ mes<\/strong><\/td>\n<td width=\"18%\"><strong>USD $389.99 \/ mes<\/strong><\/td>\n<td width=\"18%\"><strong>USD $599.99 \/ mes<\/strong><\/td>\n<\/tr>\n<tr>\n<td width=\"29%\"><\/td>\n<td width=\"16%\"><\/td>\n<td width=\"18%\"><\/td>\n<td width=\"18%\"><\/td>\n<td width=\"18%\"><\/td>\n<\/tr>\n<tr>\n<td width=\"29%\">N\u00famero de palabras clave protegidas y controladas<\/td>\n<td width=\"16%\">Hasta 5<\/td>\n<td width=\"18%\">Hasta 10<\/td>\n<td width=\"18%\">Hasta 15<\/td>\n<td width=\"18%\">Ilimitado<\/td>\n<\/tr>\n<tr>\n<td width=\"29%\">Posiciones de b\u00fasqueda supervisadas<\/td>\n<td width=\"16%\">1-10<\/td>\n<td width=\"18%\">1-20<\/td>\n<td width=\"18%\">1-30<\/td>\n<td width=\"18%\">1-30<\/td>\n<\/tr>\n<tr>\n<td width=\"29%\">B\u00fasqueda de posiciones protegidas<\/td>\n<td width=\"16%\">P\u00e1gina 1<\/td>\n<td width=\"18%\">P\u00e1ginas 1-2<\/td>\n<td width=\"18%\">P\u00e1ginas 1-2<\/td>\n<td width=\"18%\">P\u00e1ginas 1-3<\/td>\n<\/tr>\n<tr>\n<td colspan=\"5\" width=\"100%\"><strong>Aumento de la reputaci\u00f3n<\/strong><\/td>\n<\/tr>\n<tr>\n<td width=\"29%\">Perfil de Google + - Configuraci\u00f3n y promoci\u00f3n<\/td>\n<td width=\"16%\"><strong>X<\/strong><\/td>\n<td width=\"18%\"><strong>X<\/strong><\/td>\n<td width=\"18%\"><strong>X<\/strong><\/td>\n<td width=\"18%\"><strong>X<\/strong><\/td>\n<\/tr>\n<tr>\n<td width=\"29%\">Configuraci\u00f3n y promoci\u00f3n de anuncios de Facebook<\/td>\n<td width=\"16%\"><strong>X<\/strong><\/td>\n<td width=\"18%\"><strong>X<\/strong><\/td>\n<td width=\"18%\"><strong>X<\/strong><\/td>\n<td width=\"18%\"><strong>X<\/strong><\/td>\n<\/tr>\n<tr>\n<td width=\"29%\">Configuraci\u00f3n y promoci\u00f3n de Twitter<\/td>\n<td width=\"16%\"><strong>X<\/strong><\/td>\n<td width=\"18%\"><strong>X<\/strong><\/td>\n<td width=\"18%\"><strong>X<\/strong><\/td>\n<td width=\"18%\"><strong>X<\/strong><\/td>\n<\/tr>\n<tr>\n<td width=\"29%\">Configuraci\u00f3n y promoci\u00f3n de LinkedIn<\/td>\n<td width=\"16%\"><\/td>\n<td width=\"18%\"><strong>X<\/strong><\/td>\n<td width=\"18%\"><strong>X<\/strong><\/td>\n<td width=\"18%\"><strong>X<\/strong><\/td>\n<\/tr>\n<tr>\n<td width=\"29%\">Configuraci\u00f3n y promoci\u00f3n de YouTube<\/td>\n<td width=\"16%\"><\/td>\n<td width=\"18%\"><\/td>\n<td width=\"18%\"><strong>X<\/strong><\/td>\n<td width=\"18%\"><strong>X<\/strong><\/td>\n<\/tr>\n<tr>\n<td width=\"29%\">Desarrollo de micrositio<\/td>\n<td width=\"16%\"><\/td>\n<td width=\"18%\"><\/td>\n<td width=\"18%\"><strong>X<\/strong><\/td>\n<td width=\"18%\"><strong>X<\/strong><\/td>\n<\/tr>\n<tr>\n<td width=\"29%\">Marcadores de redes sociales<\/td>\n<td width=\"16%\">10<\/td>\n<td width=\"18%\">20<\/td>\n<td width=\"18%\">40<\/td>\n<td width=\"18%\">70<\/td>\n<\/tr>\n<tr>\n<td width=\"29%\">Creaci\u00f3n, vinculaci\u00f3n y promoci\u00f3n de perfiles comerciales<\/td>\n<td width=\"16%\"><strong>X<\/strong><\/td>\n<td width=\"18%\"><strong>X<\/strong><\/td>\n<td width=\"18%\"><strong>X<\/strong><\/td>\n<td width=\"18%\"><strong>X<\/strong><\/td>\n<\/tr>\n<tr>\n<td width=\"29%\">Escribiendo art\u00edculos<\/td>\n<td width=\"16%\">1<\/td>\n<td width=\"18%\">2<\/td>\n<td width=\"18%\">4<\/td>\n<td width=\"18%\">8<\/td>\n<\/tr>\n<tr>\n<td width=\"29%\">Env\u00edo de art\u00edculos<\/td>\n<td width=\"16%\">5<\/td>\n<td width=\"18%\">10<\/td>\n<td width=\"18%\">20<\/td>\n<td width=\"18%\">40<\/td>\n<\/tr>\n<tr>\n<td width=\"29%\">Marketing de art\u00edculos<\/td>\n<td width=\"16%\"><\/td>\n<td width=\"18%\"><\/td>\n<td width=\"18%\"><strong>X<\/strong><\/td>\n<td width=\"18%\"><strong>X<\/strong><\/td>\n<\/tr>\n<tr>\n<td width=\"29%\">Redacci\u00f3n de notas de prensa<\/td>\n<td width=\"16%\"><\/td>\n<td width=\"18%\"><\/td>\n<td width=\"18%\">2<\/td>\n<td width=\"18%\">4<\/td>\n<\/tr>\n<tr>\n<td width=\"29%\">Env\u00edo de comunicados de prensa<\/td>\n<td width=\"16%\"><\/td>\n<td width=\"18%\">5<\/td>\n<td width=\"18%\">10<\/td>\n<td width=\"18%\">20<\/td>\n<\/tr>\n<tr>\n<td width=\"29%\">Creando blogs y comentarios sociales<\/td>\n<td width=\"16%\"><\/td>\n<td width=\"18%\"><\/td>\n<td width=\"18%\"><strong>X<\/strong><\/td>\n<td width=\"18%\"><strong>X<\/strong><\/td>\n<\/tr>\n<tr>\n<td width=\"29%\">Escritura de blogs<\/td>\n<td width=\"16%\"><\/td>\n<td width=\"18%\"><\/td>\n<td width=\"18%\">2<\/td>\n<td width=\"18%\">4<\/td>\n<\/tr>\n<tr>\n<td width=\"29%\">Publicaci\u00f3n de blogs<\/td>\n<td width=\"16%\"><\/td>\n<td width=\"18%\"><\/td>\n<td width=\"18%\"><strong>2<\/strong><\/td>\n<td width=\"18%\"><strong>4<\/strong><\/td>\n<\/tr>\n<tr>\n<td width=\"29%\">Promoci\u00f3n del blog<\/td>\n<td width=\"16%\"><\/td>\n<td width=\"18%\"><\/td>\n<td width=\"18%\"><strong>X<\/strong><\/td>\n<td width=\"18%\"><strong>X<\/strong><\/td>\n<\/tr>\n<tr>\n<td width=\"29%\">Configuraci\u00f3n de perfil en foros y campa\u00f1a de comentarios sociales<\/td>\n<td width=\"16%\"><\/td>\n<td width=\"18%\"><\/td>\n<td width=\"18%\">5<\/td>\n<td width=\"18%\">10<\/td>\n<\/tr>\n<tr>\n<td width=\"29%\">Revisi\u00f3n del sitio del foro con cuentas antiguas<\/td>\n<td width=\"16%\"><\/td>\n<td width=\"18%\"><\/td>\n<td width=\"18%\"><strong>X<\/strong><\/td>\n<td width=\"18%\"><strong>X<\/strong><\/td>\n<\/tr>\n<tr>\n<td width=\"29%\">Yahoo! Configuraci\u00f3n de perfil \/ Respuestas y enlaces<\/td>\n<td width=\"16%\"><\/td>\n<td width=\"18%\"><\/td>\n<td width=\"18%\"><\/td>\n<td width=\"18%\"><strong>X<\/strong><\/td>\n<\/tr>\n<tr>\n<td width=\"29%\">Configuraci\u00f3n y enlaces del perfil de Wikipedia<\/td>\n<td width=\"16%\"><\/td>\n<td width=\"18%\"><\/td>\n<td width=\"18%\"><\/td>\n<td width=\"18%\"><strong>X<\/strong><\/td>\n<\/tr>\n<tr>\n<td width=\"29%\">Compartir fotos<\/td>\n<td width=\"16%\"><\/td>\n<td width=\"18%\"><\/td>\n<td width=\"18%\"><\/td>\n<td width=\"18%\"><strong>X<\/strong><\/td>\n<\/tr>\n<tr>\n<td width=\"29%\">Campa\u00f1as de revisi\u00f3n de clientes<\/td>\n<td width=\"16%\"><strong>X<\/strong><\/td>\n<td width=\"18%\"><strong>X<\/strong><\/td>\n<td width=\"18%\"><strong>X<\/strong><\/td>\n<td width=\"18%\"><strong>X<\/strong><\/td>\n<\/tr>\n<tr>\n<td width=\"29%\">Creaci\u00f3n de PPT<\/td>\n<td width=\"16%\">1<\/td>\n<td width=\"18%\">2<\/td>\n<td width=\"18%\">4<\/td>\n<td width=\"18%\">8<\/td>\n<\/tr>\n<tr>\n<td width=\"29%\">Presentaci\u00f3n de Slideshare<\/td>\n<td width=\"16%\"><strong>X<\/strong><\/td>\n<td width=\"18%\"><strong>X<\/strong><\/td>\n<td width=\"18%\"><strong>X<\/strong><\/td>\n<td width=\"18%\"><strong>X<\/strong><\/td>\n<\/tr>\n<tr>\n<td width=\"29%\">Creaci\u00f3n de videos<\/td>\n<td width=\"16%\"><\/td>\n<td width=\"18%\"><\/td>\n<td width=\"18%\">1<\/td>\n<td width=\"18%\">2<\/td>\n<\/tr>\n<tr>\n<td width=\"29%\">Env\u00edo de videos<\/td>\n<td width=\"16%\"><\/td>\n<td width=\"18%\"><\/td>\n<td width=\"18%\">5<\/td>\n<td width=\"18%\">10<\/td>\n<\/tr>\n<tr>\n<td width=\"29%\">Promoci\u00f3n de video<\/td>\n<td width=\"16%\"><\/td>\n<td width=\"18%\"><\/td>\n<td width=\"18%\"><strong>X<\/strong><\/td>\n<td width=\"18%\"><strong>X<\/strong><\/td>\n<\/tr>\n<tr>\n<td colspan=\"5\" width=\"100%\"><strong>Control de acumulaci\u00f3n de reputaci\u00f3n<\/strong><\/td>\n<\/tr>\n<tr>\n<td width=\"29%\">Evaluaci\u00f3n mensual de su reputaci\u00f3n online actual, estrategia de recomendaciones para mejoras<\/td>\n<td width=\"16%\"><strong>X<\/strong><\/td>\n<td width=\"18%\"><strong>X<\/strong><\/td>\n<td width=\"18%\"><strong>X<\/strong><\/td>\n<td width=\"18%\"><strong>X<\/strong><\/td>\n<\/tr>\n<tr>\n<td width=\"29%\">Reporte mensual.<\/td>\n<td width=\"16%\"><strong>X<\/strong><\/td>\n<td width=\"18%\"><strong>X<\/strong><\/td>\n<td width=\"18%\"><strong>X<\/strong><\/td>\n<td width=\"18%\"><strong>X<\/strong><\/td>\n<\/tr>\n<tr>\n<td width=\"29%\">Informe de Google Analytics<\/td>\n<td width=\"16%\"><\/td>\n<td width=\"18%\"><\/td>\n<td width=\"18%\"><strong>X<\/strong><\/td>\n<td width=\"18%\"><strong>X<\/strong><\/td>\n<\/tr>\n<tr>\n<td width=\"29%\">Asistencia y apoyo<\/td>\n<td width=\"16%\"><strong>X<\/strong><\/td>\n<td width=\"18%\"><strong>X<\/strong><\/td>\n<td width=\"18%\"><strong>X<\/strong><\/td>\n<td width=\"18%\"><strong>X<\/strong><\/td>\n<\/tr>\n<tr>\n<td width=\"29%\"><\/td>\n<td width=\"16%\"><\/td>\n<td width=\"18%\"><\/td>\n<td width=\"18%\"><\/td>\n<td width=\"18%\"><\/td>\n<\/tr>\n<\/tbody>\n<\/table>","protected":false},"excerpt":{"rendered":"<p>Bronce Silver Gold Platinum USD $169.99\/month USD $229.99\/month USD $389.99\/month [&hellip;]<\/p>\n","protected":false},"featured_media":3484,"comment_status":"open","ping_status":"closed","template":"","meta":[],"product_brand":[],"product_cat":[16],"product_tag":[],"class_list":{"0":"post-3479","1":"product","2":"type-product","3":"status-publish","4":"has-post-thumbnail","6":"product_cat-uncategorized","8":"first","9":"instock","10":"featured","11":"taxable","12":"shipping-taxable","13":"purchasable","14":"product-type-variable"},"_links":{"self":[{"href":"https:\/\/visualmagiccorp.com\/es\/wp-json\/wp\/v2\/product\/3479","targetHints":{"allow":["GET"]}}],"collection":[{"href":"https:\/\/visualmagiccorp.com\/es\/wp-json\/wp\/v2\/product"}],"about":[{"href":"https:\/\/visualmagiccorp.com\/es\/wp-json\/wp\/v2\/types\/product"}],"replies":[{"embeddable":true,"href":"https:\/\/visualmagiccorp.com\/es\/wp-json\/wp\/v2\/comments?post=3479"}],"wp:featuredmedia":[{"embeddable":true,"href":"https:\/\/visualmagiccorp.com\/es\/wp-json\/wp\/v2\/media\/3484"}],"wp:attachment":[{"href":"https:\/\/visualmagiccorp.com\/es\/wp-json\/wp\/v2\/media?parent=3479"}],"wp:term":[{"taxonomy":"product_brand","embeddable":true,"href":"https:\/\/visualmagiccorp.com\/es\/wp-json\/wp\/v2\/product_brand?post=3479"},{"taxonomy":"product_cat","embeddable":true,"href":"https:\/\/visualmagiccorp.com\/es\/wp-json\/wp\/v2\/product_cat?post=3479"},{"taxonomy":"product_tag","embeddable":true,"href":"https:\/\/visualmagiccorp.com\/es\/wp-json\/wp\/v2\/product_tag?post=3479"}],"curies":[{"name":"wp","href":"https:\/\/api.w.org\/{rel}","templated":true}]}}