{"id":3485,"date":"2021-11-18T13:54:01","date_gmt":"2021-11-18T19:54:01","guid":{"rendered":"https:\/\/visualmagiccorp.com\/?post_type=product&#038;p=3485"},"modified":"2026-02-09T21:14:17","modified_gmt":"2026-02-10T03:14:17","slug":"3485","status":"publish","type":"product","link":"https:\/\/visualmagiccorp.com\/es\/product\/3485\/","title":{"rendered":"Paquetes de marketing por correo electr\u00f3nico"},"content":{"rendered":"<table style=\"width: 100%;\">\n<tbody>\n<tr>\n<td width=\"164\"><strong>PLAN B\u00c1SICO<\/strong><\/p>\n<p><strong>USD $ 449,99 \/ mes<\/strong><\/td>\n<td width=\"164\"><strong>PLAN JUNIOR<\/strong><\/p>\n<p><strong>USD $ 699,99 \/ mes<\/strong><\/td>\n<td width=\"164\"><strong>PLAN SENIOR<\/strong><\/p>\n<p><strong>USD $ 1.099.99 \/ mes<\/strong><\/td>\n<td width=\"158\"><strong>PLAN PERSONALIZADO<\/strong><\/td>\n<\/tr>\n<tr>\n<td width=\"164\">Incluye:<\/p>\n<p>&nbsp;<\/p>\n<p>2 boletines informativos por correo electr\u00f3nico \/<\/p>\n<p>&nbsp;<\/p>\n<p>Dise\u00f1o y copia de correo electr\u00f3nico<\/p>\n<p>&nbsp;<\/p>\n<p>Mantenimiento de listas<\/p>\n<p>Reportes mensuales<\/td>\n<td width=\"164\">Incluye:<\/p>\n<p>&nbsp;<\/p>\n<p>4 boletines informativos por correo electr\u00f3nico<\/p>\n<p>&nbsp;<\/p>\n<p>Dise\u00f1o y copia de correo electr\u00f3nico<\/p>\n<p>&nbsp;<\/p>\n<p>Mantenimiento de listas<\/p>\n<p>Reportes mensuales<\/td>\n<td width=\"164\">Incluye:<\/p>\n<p>&nbsp;<\/p>\n<p>8 boletines informativos por correo electr\u00f3nico<\/p>\n<p>&nbsp;<\/p>\n<p>Dise\u00f1o y copia de correo electr\u00f3nico<\/p>\n<p>&nbsp;<\/p>\n<p>Mantenimiento de listas<\/p>\n<p>Reportes mensuales<\/td>\n<td width=\"158\">&nbsp;<\/p>\n<p>&nbsp;<\/p>\n<p>&nbsp;<\/p>\n<p>&nbsp;<\/p>\n<p>Consulte con uno de nuestros expertos<\/td>\n<\/tr>\n<tr>\n<td width=\"164\">Empezar hoy<\/td>\n<td width=\"164\">Empezar hoy<\/td>\n<td width=\"164\">Empezar hoy<\/td>\n<td width=\"158\">Empezar hoy<\/td>\n<\/tr>\n<\/tbody>\n<\/table>\n<p>&nbsp;<\/p>\n<p>\u00bfTiene necesidades particulares para sus campa\u00f1as de marketing por correo electr\u00f3nico? Nuestros expertos est\u00e1n a la espera.<\/p>\n<p>&nbsp;<\/p>\n<p>Caracter\u00edsticas de nuestros paquetes<\/p>\n<table style=\"width: 100%;\">\n<tbody>\n<tr>\n<td width=\"321\">Caracter\u00edsticas<\/td>\n<td width=\"66\">B\u00e1sico<\/td>\n<td width=\"66\">J\u00fanior<\/td>\n<td width=\"72\">Mayor<\/td>\n<td width=\"98\">Personalizado<\/td>\n<\/tr>\n<tr>\n<td width=\"321\">Boletines mensuales<\/p>\n<p>&nbsp;<\/td>\n<td width=\"66\">2<\/td>\n<td width=\"66\">4<\/td>\n<td width=\"72\">8<\/td>\n<td width=\"98\">Cont\u00e1ctenos<\/td>\n<\/tr>\n<tr>\n<td width=\"321\">Dise\u00f1os de correo electr\u00f3nico personalizados<\/p>\n<p>&nbsp;<\/td>\n<td width=\"66\"><\/td>\n<td width=\"66\"><strong>X<\/strong><\/td>\n<td width=\"72\"><strong>X<\/strong><\/td>\n<td width=\"98\"><strong>X<\/strong><\/td>\n<\/tr>\n<tr>\n<td width=\"321\">Copia de correo electr\u00f3nico original<\/p>\n<p>&nbsp;<\/td>\n<td width=\"66\"><\/td>\n<td width=\"66\"><\/td>\n<td width=\"72\"><strong>X<\/strong><\/td>\n<td width=\"98\"><strong>X<\/strong><\/td>\n<\/tr>\n<tr>\n<td width=\"321\">Listas de mantenimiento y limpieza<\/p>\n<p>&nbsp;<\/td>\n<td width=\"66\"><strong>X<\/strong><\/td>\n<td width=\"66\"><strong>X<\/strong><\/td>\n<td width=\"72\"><strong>X<\/strong><\/td>\n<td width=\"98\"><strong>X<\/strong><\/td>\n<\/tr>\n<tr>\n<td width=\"321\">Analizar rendimiento \/ informes<\/p>\n<p>&nbsp;<\/td>\n<td width=\"66\"><strong>X<\/strong><\/td>\n<td width=\"66\"><strong>X<\/strong><\/td>\n<td width=\"72\"><strong>X<\/strong><\/td>\n<td width=\"98\"><strong>X<\/strong><\/td>\n<\/tr>\n<tr>\n<td width=\"321\">Optimizaci\u00f3n continua<\/p>\n<p>&nbsp;<\/td>\n<td width=\"66\"><strong>X<\/strong><\/td>\n<td width=\"66\"><strong>X<\/strong><\/td>\n<td width=\"72\"><strong>X<\/strong><\/td>\n<td width=\"98\"><strong>X<\/strong><\/td>\n<\/tr>\n<tr>\n<td width=\"321\">Estrategia de campa\u00f1a inicial<\/p>\n<p>&nbsp;<\/td>\n<td width=\"66\"><\/td>\n<td width=\"66\"><\/td>\n<td width=\"72\"><strong>X<\/strong><\/td>\n<td width=\"98\"><strong>X<\/strong><\/td>\n<\/tr>\n<tr>\n<td width=\"321\">Campa\u00f1a para captar prospectos por correo electr\u00f3nico<\/p>\n<p>&nbsp;<\/td>\n<td width=\"66\">Agregar<\/td>\n<td width=\"66\">Agregar<\/td>\n<td width=\"72\">Agregar<\/td>\n<td width=\"98\">Agregar<\/td>\n<\/tr>\n<tr>\n<td width=\"321\">Monitoreo de anuncios de lunes a viernes<\/p>\n<p>&nbsp;<\/td>\n<td width=\"66\"><strong>X<\/strong><\/td>\n<td width=\"66\"><strong>X<\/strong><\/td>\n<td width=\"72\"><strong>X<\/strong><\/td>\n<td width=\"98\"><strong>X<\/strong><\/td>\n<\/tr>\n<tr>\n<td width=\"321\">Configuraci\u00f3n del seguimiento de conversaciones<\/p>\n<p>&nbsp;<\/td>\n<td width=\"66\"><\/td>\n<td width=\"66\"><strong>X<\/strong><\/td>\n<td width=\"72\"><strong>X<\/strong><\/td>\n<td width=\"98\"><strong>X<\/strong><\/td>\n<\/tr>\n<tr>\n<td width=\"321\">Representante de cuenta dedicado<\/p>\n<p>&nbsp;<\/td>\n<td width=\"66\"><\/td>\n<td width=\"66\"><\/td>\n<td width=\"72\"><strong>X<\/strong><\/td>\n<td width=\"98\"><strong>X<\/strong><\/td>\n<\/tr>\n<tr>\n<td width=\"321\">Hasta dos horas de consulta al mes<\/p>\n<p>&nbsp;<\/td>\n<td width=\"66\"><\/td>\n<td width=\"66\"><\/td>\n<td width=\"72\"><strong>X<\/strong><\/td>\n<td width=\"98\"><strong>X<\/strong><\/td>\n<\/tr>\n<tr>\n<td width=\"321\"><\/td>\n<td width=\"66\"><\/td>\n<td width=\"66\"><\/td>\n<td width=\"72\"><\/td>\n<td width=\"98\"><\/td>\n<\/tr>\n<tr>\n<td colspan=\"5\" width=\"623\"><\/td>\n<\/tr>\n<\/tbody>\n<\/table>\n<p>&nbsp;<\/p>","protected":false},"excerpt":{"rendered":"<p>Nuestros servicios de marketing por correo electr\u00f3nico le ayudar\u00e1n a acelerar el ciclo de ventas de su empresa. Podr\u00e1 lograr el aumento de la apertura y las tasas de clics.<\/p>","protected":false},"featured_media":3490,"comment_status":"open","ping_status":"closed","template":"","meta":[],"product_brand":[],"product_cat":[16],"product_tag":[],"class_list":{"0":"post-3485","1":"product","2":"type-product","3":"status-publish","4":"has-post-thumbnail","6":"product_cat-uncategorized","8":"first","9":"instock","10":"featured","11":"taxable","12":"shipping-taxable","13":"purchasable","14":"product-type-variable"},"_links":{"self":[{"href":"https:\/\/visualmagiccorp.com\/es\/wp-json\/wp\/v2\/product\/3485","targetHints":{"allow":["GET"]}}],"collection":[{"href":"https:\/\/visualmagiccorp.com\/es\/wp-json\/wp\/v2\/product"}],"about":[{"href":"https:\/\/visualmagiccorp.com\/es\/wp-json\/wp\/v2\/types\/product"}],"replies":[{"embeddable":true,"href":"https:\/\/visualmagiccorp.com\/es\/wp-json\/wp\/v2\/comments?post=3485"}],"wp:featuredmedia":[{"embeddable":true,"href":"https:\/\/visualmagiccorp.com\/es\/wp-json\/wp\/v2\/media\/3490"}],"wp:attachment":[{"href":"https:\/\/visualmagiccorp.com\/es\/wp-json\/wp\/v2\/media?parent=3485"}],"wp:term":[{"taxonomy":"product_brand","embeddable":true,"href":"https:\/\/visualmagiccorp.com\/es\/wp-json\/wp\/v2\/product_brand?post=3485"},{"taxonomy":"product_cat","embeddable":true,"href":"https:\/\/visualmagiccorp.com\/es\/wp-json\/wp\/v2\/product_cat?post=3485"},{"taxonomy":"product_tag","embeddable":true,"href":"https:\/\/visualmagiccorp.com\/es\/wp-json\/wp\/v2\/product_tag?post=3485"}],"curies":[{"name":"wp","href":"https:\/\/api.w.org\/{rel}","templated":true}]}}