{"id":3492,"date":"2021-11-18T14:35:36","date_gmt":"2021-11-18T20:35:36","guid":{"rendered":"https:\/\/visualmagiccorp.com\/?post_type=product&#038;p=3492"},"modified":"2026-04-07T15:58:17","modified_gmt":"2026-04-07T21:58:17","slug":"seo-packages","status":"publish","type":"product","link":"https:\/\/visualmagiccorp.com\/es\/product\/seo-packages\/","title":{"rendered":"Optimizaci\u00f3n de motores de b\u00fasqueda"},"content":{"rendered":"<table style=\"width: 100%;\">\n<tbody>\n<tr>\n<td width=\"156\"><strong>Plan Bronce<\/strong><\/td>\n<td width=\"156\"><strong>Plan Plata<\/strong><\/td>\n<td width=\"156\"><strong>Plan Oro<\/strong><\/td>\n<td width=\"156\"><strong>Plan platino<\/strong><\/td>\n<\/tr>\n<tr>\n<td width=\"156\"><strong>USD $559.99 \/ mes<\/strong><\/td>\n<td width=\"156\"><strong>USD $1237.50 \/ mes<\/strong><\/td>\n<td width=\"156\"><strong>USD $1999.99 \/ mes<\/strong><\/td>\n<td width=\"156\"><strong>P\u00f3ngase en contacto con nuestros expertos en SEO<\/strong><\/td>\n<\/tr>\n<tr>\n<td width=\"156\">PALABRAS CLAVE - 10<\/p>\n<p>Configuraci\u00f3n y optimizaci\u00f3n de campa\u00f1as<\/p>\n<p>Auditor\u00eda del sitio web<\/p>\n<p>P\u00e1ginas optimizadas (10 p\u00e1ginas)<\/p>\n<p>10 palabras clave seleccionadas<\/p>\n<p>Investigaci\u00f3n de palabras clave<\/p>\n<p>Agrupaci\u00f3n de palabras clave<\/p>\n<p>Mapeo de palabras clave<\/p>\n<p>Optimizaci\u00f3n en la p\u00e1gina<\/p>\n<p>Hoja de ruta de SEO<\/p>\n<p>Crea un blog<\/p>\n<p>Redacci\u00f3n de sitios web (3 p\u00e1ginas, 350 palabras por p\u00e1gina)<\/p>\n<p>Optimizaci\u00f3n de etiquetas de t\u00edtulo (10 t\u00edtulos)<\/p>\n<p>Optimizaci\u00f3n de la meta descripci\u00f3n (10 meta descripciones)<\/p>\n<p>Optimizaci\u00f3n de meta palabras clave (10 meta palabras clave)<\/p>\n<p>Optimizaci\u00f3n de redireccionamiento de dominio (10 redireccionamientos de dominio)<\/p>\n<p>Optimizaci\u00f3n del mapa del sitio XML<\/p>\n<p>Revisi\u00f3n de Robots.txt<\/p>\n<p>Reescrituras de URL (10 reescrituras de URL)<\/p>\n<p>Informe de enlaces rotos<\/p>\n<p>SEO inicial fuera de la p\u00e1gina<\/p>\n<p>Marcadores sociales<\/p>\n<p>Marketing de diapositivas<\/p>\n<p>Foros \/ Preguntas frecuentes<\/p>\n<p>Construcci\u00f3n de enlaces<\/p>\n<p>Enviar a directorios<\/p>\n<p>Fichas de empresas locales<\/td>\n<td width=\"156\">PALABRAS CLAVE - 15<\/p>\n<p>An\u00e1lisis comercial<\/p>\n<p>An\u00e1lisis de consumidores<\/p>\n<p>An\u00e1lisis de la competencia<\/p>\n<p>15 Palabras clave seleccionadas<\/p>\n<p>15 p\u00e1ginas de palabras clave segmentadas<\/p>\n<p>Optimizaci\u00f3n de sitios web<\/p>\n<p>Creaci\u00f3n de metaetiquetas<\/p>\n<p>Optimizaci\u00f3n de palabras clave<\/p>\n<p>Optimizaci\u00f3n de imagen<\/p>\n<p>Inclusi\u00f3n de ancla<\/p>\n<p>Seguimiento y an\u00e1lisis<\/p>\n<p>Instalaci\u00f3n de Google Analytics<\/p>\n<p>Instalaci\u00f3n para webmasters de Google<\/p>\n<p>Plan de llamada a la acci\u00f3n<\/p>\n<p>Creaci\u00f3n de mapas del sitio<\/p>\n<p>Reportes mensuales<\/p>\n<p>Soporte telef\u00f3nico<\/p>\n<p>Optimizaci\u00f3n fuera de la p\u00e1gina<\/p>\n<p>Marcadores sociales<\/p>\n<p>Marketing de diapositivas<\/p>\n<p>Foros \/ Preguntas frecuentes<\/p>\n<p>Construcci\u00f3n de enlaces<\/p>\n<p>Enviar a directorios<\/p>\n<p>Fichas de empresas locales<\/td>\n<td width=\"156\">PALABRAS CLAVE - 20<\/p>\n<p>An\u00e1lisis comercial<\/p>\n<p>An\u00e1lisis de consumidores<\/p>\n<p>An\u00e1lisis de la competencia<\/p>\n<p>20 palabras clave seleccionadas<\/p>\n<p>30 p\u00e1ginas de palabras clave segmentadas<\/p>\n<p>Optimizaci\u00f3n de sitios web<\/p>\n<p>Creaci\u00f3n de metaetiquetas<\/p>\n<p>Optimizaci\u00f3n de palabras clave<\/p>\n<p>Optimizaci\u00f3n de imagen<\/p>\n<p>Inclusi\u00f3n de anclajes Tags<\/p>\n<p>Inclusi\u00f3n de anclajes Modificaciones de indexaci\u00f3n<\/p>\n<p>Seguimiento y an\u00e1lisis<\/p>\n<p>Inclusi\u00f3n de Google Places<\/p>\n<p>Instalaci\u00f3n de Google Analytics<\/p>\n<p>Instalaci\u00f3n para webmasters de Google<\/p>\n<p>Plan de llamada a la acci\u00f3n<\/p>\n<p>Creaci\u00f3n de mapas del sitio<\/p>\n<p>Reportes mensuales<\/p>\n<p>Soporte de correo electr\u00f3nico<\/p>\n<p>Soporte telef\u00f3nico<\/p>\n<p>Foros \/ Preguntas frecuentes<\/p>\n<p>Optimizaci\u00f3n fuera de la p\u00e1gina<\/p>\n<p>Marcadores sociales<\/p>\n<p>Marketing de diapositivas<\/p>\n<p>Listados de voz<\/p>\n<p>Construcci\u00f3n de enlaces<\/p>\n<p>Enviar a directorios<\/p>\n<p>Blog<\/p>\n<p>Fichas de empresas locales<\/td>\n<td width=\"156\">PALABRAS CLAVE ilimitadas<\/p>\n<p>An\u00e1lisis comercial<\/p>\n<p>An\u00e1lisis de consumidores<\/p>\n<p>An\u00e1lisis de la competencia<\/p>\n<p>M\u00e1s de 35 palabras clave seleccionadas<\/p>\n<p>M\u00e1s de 35 p\u00e1ginas con palabras clave<\/p>\n<p>Optimizaci\u00f3n de sitios web<\/p>\n<p>Creaci\u00f3n de metaetiquetas<\/p>\n<p>Optimizaci\u00f3n de palabras clave<\/p>\n<p>Optimizaci\u00f3n de imagen<\/p>\n<p>Inclusi\u00f3n de anclajes Tags<\/p>\n<p>Inclusi\u00f3n de anclajes Modificaciones de indexaci\u00f3n<\/p>\n<p>Seguimiento y an\u00e1lisis<\/p>\n<p>Inclusi\u00f3n de Google Places<\/p>\n<p>Instalaci\u00f3n de Google Analytics<\/p>\n<p>Instalaci\u00f3n para webmasters de Google<\/p>\n<p>Plan de llamada a la acci\u00f3n<\/p>\n<p>Reportes mensuales<\/p>\n<p>Soporte de correo electr\u00f3nico<\/p>\n<p>Soporte telef\u00f3nico<\/p>\n<p>Foros \/ Preguntas frecuentes<\/p>\n<p>Optimizaci\u00f3n fuera de la p\u00e1gina<\/p>\n<p>Marcadores sociales<\/p>\n<p>Marcadores sociales<\/p>\n<p>Listados de voz<\/p>\n<p>Construcci\u00f3n de enlaces<\/p>\n<p>Enviar a directorios<\/p>\n<p>Blog diario<\/p>\n<p>F\u00e1brica de contenido<\/p>\n<p>Fichas de empresas locales<\/td>\n<\/tr>\n<tr>\n<td width=\"156\"><\/td>\n<td width=\"156\"><\/td>\n<td width=\"156\"><\/td>\n<td width=\"156\"><\/td>\n<\/tr>\n<\/tbody>\n<\/table>","protected":false},"excerpt":{"rendered":"<p>Nuestros servicios de marketing por correo electr\u00f3nico le ayudar\u00e1n a acelerar el ciclo de ventas de su empresa. Podr\u00e1 lograr el aumento de la apertura y las tasas de clics.<\/p>","protected":false},"featured_media":3499,"comment_status":"open","ping_status":"closed","template":"","meta":[],"product_brand":[],"product_cat":[16],"product_tag":[],"class_list":{"0":"post-3492","1":"product","2":"type-product","3":"status-publish","4":"has-post-thumbnail","6":"product_cat-uncategorized","8":"first","9":"instock","10":"featured","11":"taxable","12":"shipping-taxable","13":"purchasable","14":"product-type-variable"},"_links":{"self":[{"href":"https:\/\/visualmagiccorp.com\/es\/wp-json\/wp\/v2\/product\/3492","targetHints":{"allow":["GET"]}}],"collection":[{"href":"https:\/\/visualmagiccorp.com\/es\/wp-json\/wp\/v2\/product"}],"about":[{"href":"https:\/\/visualmagiccorp.com\/es\/wp-json\/wp\/v2\/types\/product"}],"replies":[{"embeddable":true,"href":"https:\/\/visualmagiccorp.com\/es\/wp-json\/wp\/v2\/comments?post=3492"}],"wp:featuredmedia":[{"embeddable":true,"href":"https:\/\/visualmagiccorp.com\/es\/wp-json\/wp\/v2\/media\/3499"}],"wp:attachment":[{"href":"https:\/\/visualmagiccorp.com\/es\/wp-json\/wp\/v2\/media?parent=3492"}],"wp:term":[{"taxonomy":"product_brand","embeddable":true,"href":"https:\/\/visualmagiccorp.com\/es\/wp-json\/wp\/v2\/product_brand?post=3492"},{"taxonomy":"product_cat","embeddable":true,"href":"https:\/\/visualmagiccorp.com\/es\/wp-json\/wp\/v2\/product_cat?post=3492"},{"taxonomy":"product_tag","embeddable":true,"href":"https:\/\/visualmagiccorp.com\/es\/wp-json\/wp\/v2\/product_tag?post=3492"}],"curies":[{"name":"wp","href":"https:\/\/api.w.org\/{rel}","templated":true}]}}