{"id":3501,"date":"2021-11-18T14:54:56","date_gmt":"2021-11-18T20:54:56","guid":{"rendered":"https:\/\/visualmagiccorp.com\/?post_type=product&#038;p=3501"},"modified":"2026-02-09T21:14:54","modified_gmt":"2026-02-10T03:14:54","slug":"website-packages","status":"publish","type":"product","link":"https:\/\/visualmagiccorp.com\/es\/product\/website-packages\/","title":{"rendered":"Paquetes de sitios web"},"content":{"rendered":"<table style=\"width: 100%;\">\n<tbody>\n<tr>\n<td width=\"216\"><strong>Dise\u00f1o Web B\u00e1sico<\/strong><\/td>\n<td width=\"204\"><strong>Plus Dise\u00f1o Web<\/strong><\/td>\n<td width=\"204\"><strong>Dise\u00f1o Web Platino<\/strong><\/td>\n<\/tr>\n<tr>\n<td width=\"216\"><strong>D\u00f3lar estadounidense $2799.99<\/strong><\/td>\n<td width=\"204\"><strong>D\u00f3lar estadounidense $3899.99<\/strong><\/td>\n<td width=\"204\"><strong>D\u00f3lar estadounidense $5500.00<\/strong><\/td>\n<\/tr>\n<tr>\n<td width=\"216\"><\/td>\n<td width=\"204\"><\/td>\n<td width=\"204\"><\/td>\n<\/tr>\n<tr>\n<td width=\"216\">Dise\u00f1o de hasta 20 p\u00e1ginas<\/td>\n<td width=\"204\">Integraci\u00f3n de comercio electr\u00f3nico<\/td>\n<td width=\"204\">Producci\u00f3n de v\u00eddeo<\/td>\n<\/tr>\n<tr>\n<td width=\"216\">\u00a0Dise\u00f1o gr\u00e1fico<\/td>\n<td width=\"204\">\u00a0Dise\u00f1o de hasta 40 p\u00e1ginas<\/td>\n<td width=\"204\">\u00a0Integraci\u00f3n de comercio electr\u00f3nico<\/td>\n<\/tr>\n<tr>\n<td width=\"216\">\u00a0Dise\u00f1o de logo<\/td>\n<td width=\"204\">\u00a0Dise\u00f1o gr\u00e1fico<\/td>\n<td width=\"204\">\u00a0Dise\u00f1o de hasta 75 p\u00e1ginas<\/td>\n<\/tr>\n<tr>\n<td width=\"216\">\u00a0Servicios de redacci\u00f3n *<\/td>\n<td width=\"204\">\u00a0Dise\u00f1o de logo<\/td>\n<td width=\"204\">\u00a0Dise\u00f1o gr\u00e1fico<\/td>\n<\/tr>\n<tr>\n<td width=\"216\">\u00a0Dise\u00f1o Web Profesional<\/td>\n<td width=\"204\">\u00a0Servicios de redacci\u00f3n *<\/td>\n<td width=\"204\">\u00a0Dise\u00f1o de logo<\/td>\n<\/tr>\n<tr>\n<td width=\"216\">\u00a0Dise\u00f1o m\u00f3vil receptivo<\/td>\n<td width=\"204\">\u00a0Dise\u00f1o Web Profesional<\/td>\n<td width=\"204\">\u00a0Servicios de redacci\u00f3n *<\/td>\n<\/tr>\n<tr>\n<td width=\"216\">\u00a0Configuraci\u00f3n de la base de conocimientos<\/td>\n<td width=\"204\">\u00a0Dise\u00f1o m\u00f3vil receptivo<\/td>\n<td width=\"204\">\u00a0Dise\u00f1o Web Profesional<\/td>\n<\/tr>\n<tr>\n<td width=\"216\">\u00a0Configuraci\u00f3n de chatbot \/ chat en vivo<\/td>\n<td width=\"204\">\u00a0Configuraci\u00f3n de la base de conocimientos<\/td>\n<td width=\"204\">\u00a0Dise\u00f1o m\u00f3vil receptivo<\/td>\n<\/tr>\n<tr>\n<td width=\"216\">\u00a0Configuraci\u00f3n de gesti\u00f3n de reputaci\u00f3n<\/td>\n<td width=\"204\">\u00a0Configuraci\u00f3n de chatbot \/ chat en vivo<\/td>\n<td width=\"204\">\u00a0Configuraci\u00f3n de la base de conocimientos<\/td>\n<\/tr>\n<tr>\n<td width=\"216\">\u00a0Integraci\u00f3n del bolet\u00edn<\/td>\n<td width=\"204\">\u00a0Configuraci\u00f3n de gesti\u00f3n de reputaci\u00f3n<\/td>\n<td width=\"204\">\u00a0Configuraci\u00f3n de chatbot \/ chat en vivo<\/td>\n<\/tr>\n<tr>\n<td width=\"216\">\u00a0Integraci\u00f3n de redes sociales<\/td>\n<td width=\"204\">\u00a0Integraci\u00f3n del bolet\u00edn<\/td>\n<td width=\"204\">\u00a0Configuraci\u00f3n de gesti\u00f3n de reputaci\u00f3n<\/td>\n<\/tr>\n<tr>\n<td width=\"216\">\u00a0Integraci\u00f3n del calendario de eventos<\/td>\n<td width=\"204\">\u00a0Integraci\u00f3n de redes sociales<\/td>\n<td width=\"204\">\u00a0Integraci\u00f3n del bolet\u00edn<\/td>\n<\/tr>\n<tr>\n<td width=\"216\">\u00a0Optimizaci\u00f3n de esquemas<\/td>\n<td width=\"204\">\u00a0Integraci\u00f3n del calendario de eventos<\/td>\n<td width=\"204\">\u00a0Integraci\u00f3n de redes sociales<\/td>\n<\/tr>\n<tr>\n<td width=\"216\">\u00a0Optimizaci\u00f3n de imagen<\/td>\n<td width=\"204\">\u00a0Optimizaci\u00f3n de esquemas<\/td>\n<td width=\"204\">\u00a0Integraci\u00f3n del calendario de eventos<\/td>\n<\/tr>\n<tr>\n<td width=\"216\">\u00a0Motor de b\u00fasqueda optimizado<\/td>\n<td width=\"204\">\u00a0Optimizaci\u00f3n de imagen<\/td>\n<td width=\"204\">\u00a0Optimizaci\u00f3n de esquemas<\/td>\n<\/tr>\n<tr>\n<td width=\"216\">\u00a0Grandes formas profesionales<\/td>\n<td width=\"204\">\u00a0Motor de b\u00fasqueda optimizado<\/td>\n<td width=\"204\">\u00a0Optimizaci\u00f3n de imagen<\/td>\n<\/tr>\n<tr>\n<td width=\"216\">\u00a0Investigaci\u00f3n de palabras clave<\/td>\n<td width=\"204\">\u00a0Grandes formas profesionales<\/td>\n<td width=\"204\">\u00a0Motor de b\u00fasqueda optimizado<\/td>\n<\/tr>\n<tr>\n<td width=\"216\">\u00a0An\u00e1lisis de mercado y competencia<\/td>\n<td width=\"204\">\u00a0Investigaci\u00f3n de palabras clave<\/td>\n<td width=\"204\">\u00a0Grandes formas profesionales<\/td>\n<\/tr>\n<tr>\n<td width=\"216\">\u00a0Configuraci\u00f3n de Google Analytics<\/td>\n<td width=\"204\">\u00a0An\u00e1lisis de mercado y competencia<\/td>\n<td width=\"204\">\u00a0Investigaci\u00f3n de palabras clave<\/td>\n<\/tr>\n<tr>\n<td width=\"216\">\u00a0Sumisi\u00f3n a buscadores<\/td>\n<td width=\"204\">\u00a0Configuraci\u00f3n de Google Analytics<\/td>\n<td width=\"204\">\u00a0An\u00e1lisis de mercado y competencia<\/td>\n<\/tr>\n<tr>\n<td width=\"216\">\u00a0Configuraci\u00f3n de la consola de b\u00fasqueda de Google<\/td>\n<td width=\"204\">\u00a0Sumisi\u00f3n a buscadores<\/td>\n<td width=\"204\">\u00a0Configuraci\u00f3n de Google Analytics<\/td>\n<\/tr>\n<tr>\n<td width=\"216\">\u00a0Optimizaci\u00f3n de Google My Business<\/td>\n<td width=\"204\">\u00a0Configuraci\u00f3n de la consola de b\u00fasqueda de Google<\/td>\n<td width=\"204\">\u00a0Sumisi\u00f3n a buscadores<\/td>\n<\/tr>\n<tr>\n<td width=\"216\"><\/td>\n<td width=\"204\">\u00a0Optimizaci\u00f3n de Google My Business<\/td>\n<td width=\"204\">\u00a0Configuraci\u00f3n de la consola de b\u00fasqueda de Google<\/td>\n<\/tr>\n<tr>\n<td width=\"216\"><\/td>\n<td width=\"204\"><\/td>\n<td width=\"204\">\u00a0Optimizaci\u00f3n de Google My Business<\/td>\n<\/tr>\n<tr>\n<td width=\"216\"><\/td>\n<td width=\"204\"><\/td>\n<td width=\"204\"><\/td>\n<\/tr>\n<\/tbody>\n<\/table>","protected":false},"excerpt":{"rendered":"<p>Contamos con un equipo de dise\u00f1adores expertos no solo para crear sitios web, sino tambi\u00e9n para crear sitios web optimizados para motores de b\u00fasqueda, a trav\u00e9s de los cuales presentan su marca y transmiten su mensaje de manera contundente. Creamos sitios web optimizados y personalizados para dispositivos m\u00f3viles, que se adaptan a su negocio y a su audiencia, generando los m\u00e1ximos resultados.<\/p>\n<p>Todas nuestras herramientas que convertir\u00e1n su audiencia en l\u00ednea en ingresos est\u00e1n integradas en nuestro proceso de dise\u00f1o de sitios web.<\/p>","protected":false},"featured_media":3502,"comment_status":"open","ping_status":"closed","template":"","meta":[],"product_brand":[],"product_cat":[16],"product_tag":[],"class_list":{"0":"post-3501","1":"product","2":"type-product","3":"status-publish","4":"has-post-thumbnail","6":"product_cat-uncategorized","8":"first","9":"instock","10":"featured","11":"taxable","12":"shipping-taxable","13":"purchasable","14":"product-type-variable"},"_links":{"self":[{"href":"https:\/\/visualmagiccorp.com\/es\/wp-json\/wp\/v2\/product\/3501","targetHints":{"allow":["GET"]}}],"collection":[{"href":"https:\/\/visualmagiccorp.com\/es\/wp-json\/wp\/v2\/product"}],"about":[{"href":"https:\/\/visualmagiccorp.com\/es\/wp-json\/wp\/v2\/types\/product"}],"replies":[{"embeddable":true,"href":"https:\/\/visualmagiccorp.com\/es\/wp-json\/wp\/v2\/comments?post=3501"}],"wp:featuredmedia":[{"embeddable":true,"href":"https:\/\/visualmagiccorp.com\/es\/wp-json\/wp\/v2\/media\/3502"}],"wp:attachment":[{"href":"https:\/\/visualmagiccorp.com\/es\/wp-json\/wp\/v2\/media?parent=3501"}],"wp:term":[{"taxonomy":"product_brand","embeddable":true,"href":"https:\/\/visualmagiccorp.com\/es\/wp-json\/wp\/v2\/product_brand?post=3501"},{"taxonomy":"product_cat","embeddable":true,"href":"https:\/\/visualmagiccorp.com\/es\/wp-json\/wp\/v2\/product_cat?post=3501"},{"taxonomy":"product_tag","embeddable":true,"href":"https:\/\/visualmagiccorp.com\/es\/wp-json\/wp\/v2\/product_tag?post=3501"}],"curies":[{"name":"wp","href":"https:\/\/api.w.org\/{rel}","templated":true}]}}