{"id":3506,"date":"2021-11-18T15:07:41","date_gmt":"2021-11-18T21:07:41","guid":{"rendered":"https:\/\/visualmagiccorp.com\/?post_type=product&#038;p=3506"},"modified":"2025-05-04T11:34:35","modified_gmt":"2025-05-04T17:34:35","slug":"social-media-optimization","status":"publish","type":"product","link":"https:\/\/visualmagiccorp.com\/es\/product\/social-media-optimization\/","title":{"rendered":"Optimizaci\u00f3n de redes sociales"},"content":{"rendered":"<table style=\"width: 100%;\">\n<tbody>\n<tr>\n<td width=\"208\"><strong>B\u00c1SICO<\/strong><\/p>\n<p><strong>USD $229.99 \/ MES<\/strong><\/p>\n<p>Lo mejor para startups<\/td>\n<td width=\"208\"><strong>AVANZADO<\/strong><\/p>\n<p><strong>USD $339.99 \/ MES<\/strong><\/p>\n<p>Lo mejor para peque\u00f1as empresas<\/td>\n<td width=\"208\"><strong>NEGOCIO<\/strong><\/p>\n<p><strong>USD $599.99 \/ MES<\/strong><\/p>\n<p>Lo mejor para grandes empresas<\/td>\n<\/tr>\n<\/tbody>\n<\/table>\n<table style=\"width: 100%;\">\n<tbody>\n<tr>\n<td style=\"vertical-align: top;\" width=\"208\">El establecimiento de metas<\/p>\n<p>Gesti\u00f3n de cuentas - 2 (FB e IG)<\/p>\n<p>Investigaci\u00f3n de hashtags<\/p>\n<p>Creaci\u00f3n de estrategias de contenido<\/p>\n<p><strong>Facebook<\/strong><\/p>\n<p>Creaci\u00f3n de portada e imagen de perfil de Facebook<\/p>\n<p>Optimizaci\u00f3n de la p\u00e1gina<\/p>\n<p>Publicaciones por semana - 3<\/p>\n<p>Monitoreo de p\u00e1gina<\/p>\n<p>Creaci\u00f3n de pesta\u00f1as de Facebook<\/p>\n<p>Crea botones de llamada a la acci\u00f3n<\/p>\n<p>Monitoreo de p\u00e1gina<\/p>\n<p><strong>Instagram<\/strong><\/p>\n<p>Creaci\u00f3n de p\u00e1gina<\/p>\n<p>Optimizaci\u00f3n de la p\u00e1gina<\/p>\n<p>Publicaciones por semana - 3<\/p>\n<p>Estrategia de participaci\u00f3n<\/p>\n<p>Carga de IGTV (video proporcionado por el cliente)<\/p>\n<p>Monitoreo de an\u00e1lisis de Instagram<\/p>\n<p><strong>LinkedIn<\/strong><\/p>\n<p>Creaci\u00f3n de perfil<\/p>\n<p>Creaci\u00f3n de imagen de perfil e imagen de portada<\/p>\n<p>Optimizaci\u00f3n de perfil<\/p>\n<p>Creaci\u00f3n de p\u00e1gina de empresa<\/p>\n<p>Publicaci\u00f3n de video (proporcionada por el cliente)<\/p>\n<p>Publicaci\u00f3n de video por semana - 3<\/p>\n<p><strong>YouTube<\/strong><\/p>\n<p>Creaci\u00f3n de canal<\/p>\n<p>Creaci\u00f3n de imagen de canal e imagen de portada<\/p>\n<p>Optimizaci\u00f3n de video (video proporcionado por el cliente) - 1<\/p>\n<p>Creaci\u00f3n de miniaturas<\/p>\n<p>Investigaci\u00f3n de palabras clave<\/p>\n<p>Creaci\u00f3n de tarjetas de pantalla final<\/p>\n<p>Creaci\u00f3n de tarjetas de informaci\u00f3n<\/p>\n<p>Crea etiquetas de video<\/p>\n<p><strong>Gorjeo<\/strong><\/p>\n<p>Creaci\u00f3n de perfil<\/p>\n<p>Creaci\u00f3n de perfil e imagen de fondo<\/p>\n<p>Tweets por semana - 3<\/p>\n<p><strong>Pinterest<\/strong><\/p>\n<p>Creaci\u00f3n de perfil<\/p>\n<p>Creaci\u00f3n de tablero - 2<\/p>\n<p>Creaci\u00f3n de contenidos<\/p>\n<p>Publicaciones por semana - 3<\/td>\n<td style=\"vertical-align: top;\" width=\"208\">El establecimiento de metas<\/p>\n<p>Gesti\u00f3n de cuentas - 3<\/p>\n<p>Investigaci\u00f3n de hashtags<\/p>\n<p>Creaci\u00f3n de estrategias de contenido<\/p>\n<p><strong>Facebook<\/strong><\/p>\n<p>Creaci\u00f3n de p\u00e1gina<\/p>\n<p>Creaci\u00f3n de portada e imagen de perfil de Facebook<\/p>\n<p>Optimizaci\u00f3n de la p\u00e1gina<\/p>\n<p>Publicaciones por semana - 6<\/p>\n<p>Crea historias de Facebook<\/p>\n<p>Publicaci\u00f3n de video (proporcionada por el cliente)<\/p>\n<p>Monitoreo de p\u00e1gina<\/p>\n<p>Creaci\u00f3n de pesta\u00f1as de Facebook<\/p>\n<p>Crea botones de llamada a la acci\u00f3n<\/p>\n<p>Creaci\u00f3n de encuestas \/ cuestionarios de Facebook<\/p>\n<p>Monitoreo de p\u00e1gina<\/p>\n<p><strong>Instagram<\/strong><\/p>\n<p>Creaci\u00f3n de p\u00e1gina<\/p>\n<p>Optimizaci\u00f3n de la p\u00e1gina<\/p>\n<p>Publicaciones por semana - 6 (publicaciones vinculadas)<\/p>\n<p>Estrategia de participaci\u00f3n<\/p>\n<p>Creaci\u00f3n de Historias de Instagram<\/p>\n<p>Enlace a la p\u00e1gina de Facebook<\/p>\n<p>Carga de IGTV (video proporcionado por el cliente)<\/p>\n<p>Etiquetado de im\u00e1genes<\/p>\n<p>Monitoreo de an\u00e1lisis de Instagram<\/p>\n<p><strong>LinkedIn<\/strong><\/p>\n<p>Creaci\u00f3n de perfil<\/p>\n<p>Creaci\u00f3n de imagen de perfil e imagen de portada<\/p>\n<p>Optimizaci\u00f3n de perfil<\/p>\n<p>Creaci\u00f3n de p\u00e1gina de empresa<\/p>\n<p>Publicaci\u00f3n de video (proporcionada por el cliente)<\/p>\n<p>Publicaci\u00f3n de video por semana - 6<\/p>\n<p>Invite a Connection a que le guste su p\u00e1gina<\/p>\n<p>Incorporaci\u00f3n de grupos relevantes<\/p>\n<p>Compartiendo en grupos<\/p>\n<p>&nbsp;<\/p>\n<p><strong>YouTube<\/strong><\/p>\n<p>Creaci\u00f3n de canal<\/p>\n<p>Creaci\u00f3n de imagen de canal e imagen de portada<\/p>\n<p>Optimizaci\u00f3n de video (video proporcionado por el cliente) - 3<\/p>\n<p>Creaci\u00f3n de miniaturas<\/p>\n<p>Investigaci\u00f3n de palabras clave<\/p>\n<p>Creaci\u00f3n de tarjetas de pantalla final<\/p>\n<p>Creaci\u00f3n de tarjetas de informaci\u00f3n<\/p>\n<p>Crea etiquetas de video<\/p>\n<p>Creaci\u00f3n de listas de reproducci\u00f3n<\/p>\n<p>Monitoreo de YouTube Analytics<\/p>\n<p><strong>Gorjeo<\/strong><\/p>\n<p>Creaci\u00f3n de perfil<\/p>\n<p>Creaci\u00f3n de perfil e imagen de fondo<\/p>\n<p>Tweets por semana - 6<\/p>\n<p>Retweets<\/p>\n<p>Hashtag activo en tendencia<\/p>\n<p>Creaci\u00f3n de encuestas<\/p>\n<p>Seguimiento de personas relacionadas con la industria<\/p>\n<p>Monitoreo de an\u00e1lisis de Twitter<\/p>\n<p><strong>Pinterest<\/strong><\/p>\n<p>Creaci\u00f3n de perfil<\/p>\n<p>Creaci\u00f3n de tablero - 4<\/p>\n<p>Creaci\u00f3n de contenidos<\/p>\n<p>Publicaciones por semana - 6<\/p>\n<p>Creaci\u00f3n de cuenta comercial<\/p>\n<p>Siga cuentas y reuniones relevantes<\/td>\n<td width=\"208\">El establecimiento de metas<\/p>\n<p>Gesti\u00f3n de cuentas - 6<\/p>\n<p>Investigaci\u00f3n de hashtags<\/p>\n<p>Creaci\u00f3n de estrategias de contenido<\/p>\n<p><strong>Facebook<\/strong><\/p>\n<p>Creaci\u00f3n de p\u00e1gina<\/p>\n<p>Creaci\u00f3n de portada e imagen de perfil de Facebook<\/p>\n<p>Optimizaci\u00f3n de la p\u00e1gina<\/p>\n<p>Publicaciones por semana - 10<\/p>\n<p>Crea historias de Facebook<\/p>\n<p>Publicaci\u00f3n compartida en grupos<\/p>\n<p>Publicaci\u00f3n de video (proporcionada por el cliente)<\/p>\n<p>Monitoreo de p\u00e1gina<\/p>\n<p>Creaci\u00f3n de pesta\u00f1as de Facebook<\/p>\n<p>Crea botones de llamada a la acci\u00f3n<\/p>\n<p>Investigaci\u00f3n de influencers<\/p>\n<p>Creaci\u00f3n de encuestas \/ cuestionarios de Facebook<\/p>\n<p>Responder a los comentarios<\/p>\n<p>Monitoreo de p\u00e1gina<\/p>\n<p>An\u00e1lisis de la competencia<\/p>\n<p><strong>Instagram<\/strong><\/p>\n<p>Creaci\u00f3n de p\u00e1gina<\/p>\n<p>Optimizaci\u00f3n de la p\u00e1gina<\/p>\n<p>Publicaciones por semana - 10<\/p>\n<p>Estrategia de participaci\u00f3n<\/p>\n<p>Creaci\u00f3n de Historias de Instagram<\/p>\n<p>An\u00e1lisis de la competencia<\/p>\n<p>Respondiendo a los comentarios<\/p>\n<p>Enlace a la p\u00e1gina de Facebook<\/p>\n<p>Carga de IGTV (video proporcionado por el cliente)<\/p>\n<p>Divulgaci\u00f3n con influencers<\/p>\n<p>Etiquetado de im\u00e1genes<\/p>\n<p>Monitoreo de an\u00e1lisis de Instagram<\/p>\n<p><strong>LinkedIn<\/strong><\/p>\n<p>Creaci\u00f3n de perfil<\/p>\n<p>Creaci\u00f3n de imagen de perfil e imagen de portada<\/p>\n<p>Optimizaci\u00f3n de perfil<\/p>\n<p>Creaci\u00f3n de p\u00e1gina de empresa<\/p>\n<p>An\u00e1lisis de la competencia<\/p>\n<p>Publicaci\u00f3n de video (proporcionada por el cliente)<\/p>\n<p>Publicaci\u00f3n de video por semana - 10<\/p>\n<p>Creaci\u00f3n de una p\u00e1gina de presentaci\u00f3n<\/p>\n<p>Invite a Connection a que le guste su p\u00e1gina<\/p>\n<p>Responder a los comentarios<\/p>\n<p>Incorporaci\u00f3n de grupos relevantes<\/p>\n<p>Compartiendo en grupos<\/p>\n<p><strong>YouTube<\/strong><\/p>\n<p>Creaci\u00f3n de canal<\/p>\n<p>Creaci\u00f3n de imagen de canal e imagen de portada<\/p>\n<p>Optimizaci\u00f3n de video (video proporcionado por el cliente) - 6<\/p>\n<p>Creaci\u00f3n de miniaturas<\/p>\n<p>Investigaci\u00f3n de palabras clave<\/p>\n<p>Publicaci\u00f3n de estado de YouTube *<\/p>\n<p>Moderaci\u00f3n de Comentario<\/p>\n<p>Creaci\u00f3n de tarjetas de pantalla final<\/p>\n<p>Creaci\u00f3n de tarjetas de informaci\u00f3n<\/p>\n<p>Crea etiquetas de video<\/p>\n<p>Creaci\u00f3n de listas de reproducci\u00f3n<\/p>\n<p>Creaci\u00f3n de video S\u00ed - 1 video \/ mes (solo 1 minuto)<\/p>\n<p>Monitoreo de YouTube Analytics<\/p>\n<p>An\u00e1lisis de la competencia<\/p>\n<p>V\u00ednculos de retroceso de video<\/p>\n<p><strong>Gorjeo<\/strong><\/p>\n<p>Creaci\u00f3n de perfil<\/p>\n<p>Creaci\u00f3n de perfil e imagen de fondo<\/p>\n<p>Tweets por semana - 10<\/p>\n<p>Retweets<\/p>\n<p>Creaci\u00f3n de listas<\/p>\n<p>Hashtag activo en tendencias<\/p>\n<p>Creaci\u00f3n de encuestas<\/p>\n<p>Seguimiento de personas relacionadas con la industria<\/p>\n<p>Creando momentos<\/p>\n<p>Monitoreo de an\u00e1lisis de Twitter<\/p>\n<p><strong>Pinterest<\/strong><\/p>\n<p>Creaci\u00f3n de perfil<\/p>\n<p>Creaci\u00f3n de tablero - 6<\/p>\n<p>Creaci\u00f3n de contenidos<\/p>\n<p>Publicaciones por semana - 10<\/p>\n<p>Creaci\u00f3n de cuenta comercial<\/p>\n<p>An\u00e1lisis de visitantes mensuales<\/p>\n<p>Siga cuentas y reuniones relevantes<\/p>\n<p>Invitar a Pinners relevantes a bordo<\/td>\n<\/tr>\n<tr>\n<td width=\"208\"><\/td>\n<td width=\"208\"><\/td>\n<td width=\"208\"><\/td>\n<\/tr>\n<\/tbody>\n<\/table>\n<p>&nbsp;<\/p>","protected":false},"excerpt":{"rendered":"<p>Nuestros paquetes de Optimizaci\u00f3n en Redes Sociales (SMO) ofrecen soluciones personalizadas para mejorar la visibilidad y el compromiso de la marca en diversas plataformas. Comenzando con el paquete B\u00e1sico desde USD $229.99\/mes, ideal para startups, incluye gesti\u00f3n de cuentas para Facebook e Instagram, investigaci\u00f3n de hashtags y creaci\u00f3n b\u00e1sica de estrategias de contenido. El paquete Avanzado, a USD $339.99\/mes, est\u00e1 dirigido a peque\u00f1as empresas con servicios ampliados como optimizaci\u00f3n de p\u00e1ginas de Facebook, estrategias de participaci\u00f3n en Instagram y creaci\u00f3n de perfiles en LinkedIn. Para grandes empresas, el paquete Business a USD $599.99\/mes proporciona gesti\u00f3n integral en Facebook, Instagram, LinkedIn, YouTube, Twitter y Pinterest, con funciones avanzadas como alcance a influencers, an\u00e1lisis de competencia y capacidades extensivas de creaci\u00f3n y publicaci\u00f3n de contenido. Cada paquete est\u00e1 dise\u00f1ado para fomentar una mayor conciencia de marca, construir relaciones y impulsar conversiones a trav\u00e9s de una gesti\u00f3n estrat\u00e9gica de redes sociales.<\/p>","protected":false},"featured_media":3507,"comment_status":"open","ping_status":"closed","template":"","meta":[],"product_brand":[],"product_cat":[19],"product_tag":[],"class_list":{"0":"post-3506","1":"product","2":"type-product","3":"status-publish","4":"has-post-thumbnail","6":"product_cat-social-media","8":"first","9":"instock","10":"featured","11":"taxable","12":"shipping-taxable","13":"purchasable","14":"product-type-variable"},"_links":{"self":[{"href":"https:\/\/visualmagiccorp.com\/es\/wp-json\/wp\/v2\/product\/3506","targetHints":{"allow":["GET"]}}],"collection":[{"href":"https:\/\/visualmagiccorp.com\/es\/wp-json\/wp\/v2\/product"}],"about":[{"href":"https:\/\/visualmagiccorp.com\/es\/wp-json\/wp\/v2\/types\/product"}],"replies":[{"embeddable":true,"href":"https:\/\/visualmagiccorp.com\/es\/wp-json\/wp\/v2\/comments?post=3506"}],"wp:featuredmedia":[{"embeddable":true,"href":"https:\/\/visualmagiccorp.com\/es\/wp-json\/wp\/v2\/media\/3507"}],"wp:attachment":[{"href":"https:\/\/visualmagiccorp.com\/es\/wp-json\/wp\/v2\/media?parent=3506"}],"wp:term":[{"taxonomy":"product_brand","embeddable":true,"href":"https:\/\/visualmagiccorp.com\/es\/wp-json\/wp\/v2\/product_brand?post=3506"},{"taxonomy":"product_cat","embeddable":true,"href":"https:\/\/visualmagiccorp.com\/es\/wp-json\/wp\/v2\/product_cat?post=3506"},{"taxonomy":"product_tag","embeddable":true,"href":"https:\/\/visualmagiccorp.com\/es\/wp-json\/wp\/v2\/product_tag?post=3506"}],"curies":[{"name":"wp","href":"https:\/\/api.w.org\/{rel}","templated":true}]}}