{"id":3512,"date":"2021-11-18T15:28:27","date_gmt":"2021-11-18T21:28:27","guid":{"rendered":"https:\/\/visualmagiccorp.com\/?post_type=product&#038;p=3512"},"modified":"2025-05-04T11:34:10","modified_gmt":"2025-05-04T17:34:10","slug":"search-engine-marketing","status":"publish","type":"product","link":"https:\/\/visualmagiccorp.com\/es\/product\/search-engine-marketing\/","title":{"rendered":"Marketing de motores de b\u00fasqueda"},"content":{"rendered":"<table style=\"width: 100%; font-size: 13px; padding: 5px;\">\n<thead>\n<tr style=\"background-color: #cdcdcd;\">\n<td width=\"12%\"><strong>Nombre del Paquete<\/strong><\/td>\n<td width=\"10%\"><strong>Precio<\/strong><\/td>\n<td width=\"17%\"><strong>Gastos Mensuales de Medios<\/strong><\/td>\n<td width=\"25%\"><strong>Qu\u00e9 Incluye<\/strong><\/td>\n<td width=\"35%\"><strong>Caracter\u00edsticas de los Paquetes<\/strong><\/td>\n<\/tr>\n<\/thead>\n<tbody>\n<tr>\n<td>Paquete B\u00e1sico<\/td>\n<td>USD $389.99<\/td>\n<td>Hasta $3,000 USD<\/td>\n<td>- An\u00e1lisis inicial del sitio web<\/td>\n<td>- Evaluaci\u00f3n del rendimiento actual del sitio<\/td>\n<\/tr>\n<tr>\n<td><\/td>\n<td><\/td>\n<td><\/td>\n<td>- Investigaci\u00f3n de palabras clave<\/td>\n<td>- B\u00fasqueda de palabras clave relevantes y de alta conversi\u00f3n<\/td>\n<\/tr>\n<tr>\n<td><\/td>\n<td><\/td>\n<td><\/td>\n<td>- Optimizaci\u00f3n On-Page<\/td>\n<td>- Mejora de la estructura del sitio web, metaetiquetas<\/td>\n<\/tr>\n<tr>\n<td><\/td>\n<td><\/td>\n<td><\/td>\n<td>- Configuraci\u00f3n de Google Analytics<\/td>\n<td>- Implementaci\u00f3n b\u00e1sica de Google Analytics, informes mensuales<\/td>\n<\/tr>\n<tr>\n<td><\/td>\n<td><\/td>\n<td><\/td>\n<td>- Campa\u00f1a b\u00e1sica en Google Ads<\/td>\n<td>- Configuraci\u00f3n inicial de campa\u00f1a, monitoreo y ajustes<\/td>\n<\/tr>\n<tr style=\"background-color: #f4f4f4;\">\n<td>Paquete Avanzado<\/td>\n<td>USD $750.00<\/td>\n<td>$3,001 - $5,000 USD<\/td>\n<td>Incluye todo del Paquete B\u00e1sico, m\u00e1s:<\/td>\n<td>- Optimizaci\u00f3n Off-Page, estrategias de link building<\/td>\n<\/tr>\n<tr style=\"background-color: #f4f4f4;\">\n<td><\/td>\n<td><\/td>\n<td><\/td>\n<td>- Campa\u00f1a avanzada en Google Ads<\/td>\n<td>- Gesti\u00f3n continua y optimizaci\u00f3n de campa\u00f1a de Google Ads<\/td>\n<\/tr>\n<tr style=\"background-color: #f4f4f4;\">\n<td><\/td>\n<td><\/td>\n<td><\/td>\n<td>- Contenido SEO<\/td>\n<td>- Creaci\u00f3n de art\u00edculos mensuales optimizados para SEO<\/td>\n<\/tr>\n<tr>\n<td>Paquete Premium<\/td>\n<td>USD $1,350.25<\/td>\n<td>$10,001 USD y m\u00e1s<\/td>\n<td>Incluye todo del Paquete Avanzado, m\u00e1s:<\/td>\n<td>- An\u00e1lisis competitivo extensivo, estrategias personalizadas<\/td>\n<\/tr>\n<tr>\n<td><\/td>\n<td><\/td>\n<td><\/td>\n<td>- Gesti\u00f3n completa de campa\u00f1as de Google Ads<\/td>\n<td>- Gesti\u00f3n de campa\u00f1as de gran escala, creaci\u00f3n de landing pages<\/td>\n<\/tr>\n<tr>\n<td><\/td>\n<td><\/td>\n<td><\/td>\n<td>- Optimizaci\u00f3n t\u00e9cnica avanzada<\/td>\n<td>- Mejoras t\u00e9cnicas del sitio web, implementaci\u00f3n de SEO t\u00e9cnico<\/td>\n<\/tr>\n<\/tbody>\n<\/table>\n<p>&nbsp;<\/p>\n<h4>Caracter\u00edsticas Comunes:<\/h4>\n<ul>\n<li>Todos los paquetes incluyen an\u00e1lisis inicial del sitio web y configuraci\u00f3n b\u00e1sica de Google Analytics.<\/li>\n<li>Se ofrece optimizaci\u00f3n de SEO tanto On-Page como Off-Page en los paquetes Avanzado y Premium.<\/li>\n<li>Los servicios de campa\u00f1a en Google Ads son escalables seg\u00fan el paquete seleccionado, desde b\u00e1sico hasta gestionado completamente en el paquete Premium.<\/li>\n<\/ul>\n<h4>Beneficios:<\/h4>\n<ul>\n<li>Mejora de la visibilidad en los motores de b\u00fasqueda.<\/li>\n<li>Incremento de tr\u00e1fico cualificado al sitio web.<\/li>\n<li>Optimizaci\u00f3n continua y consultor\u00eda especializada para ajustar la estrategia.<\/li>\n<\/ul>","protected":false},"excerpt":{"rendered":"<p>Posicionar tu marca en el mercado te ayudar\u00e1 a incrementar tus ingresos r\u00e1pidamente y generar una tasa de retorno favorable para tu empresa. Conozca nuestros precios:<\/p>","protected":false},"featured_media":3517,"comment_status":"open","ping_status":"closed","template":"","meta":[],"product_brand":[],"product_cat":[16],"product_tag":[],"class_list":{"0":"post-3512","1":"product","2":"type-product","3":"status-publish","4":"has-post-thumbnail","6":"product_cat-uncategorized","8":"first","9":"instock","10":"featured","11":"taxable","12":"shipping-taxable","13":"purchasable","14":"product-type-variable"},"_links":{"self":[{"href":"https:\/\/visualmagiccorp.com\/es\/wp-json\/wp\/v2\/product\/3512","targetHints":{"allow":["GET"]}}],"collection":[{"href":"https:\/\/visualmagiccorp.com\/es\/wp-json\/wp\/v2\/product"}],"about":[{"href":"https:\/\/visualmagiccorp.com\/es\/wp-json\/wp\/v2\/types\/product"}],"replies":[{"embeddable":true,"href":"https:\/\/visualmagiccorp.com\/es\/wp-json\/wp\/v2\/comments?post=3512"}],"wp:featuredmedia":[{"embeddable":true,"href":"https:\/\/visualmagiccorp.com\/es\/wp-json\/wp\/v2\/media\/3517"}],"wp:attachment":[{"href":"https:\/\/visualmagiccorp.com\/es\/wp-json\/wp\/v2\/media?parent=3512"}],"wp:term":[{"taxonomy":"product_brand","embeddable":true,"href":"https:\/\/visualmagiccorp.com\/es\/wp-json\/wp\/v2\/product_brand?post=3512"},{"taxonomy":"product_cat","embeddable":true,"href":"https:\/\/visualmagiccorp.com\/es\/wp-json\/wp\/v2\/product_cat?post=3512"},{"taxonomy":"product_tag","embeddable":true,"href":"https:\/\/visualmagiccorp.com\/es\/wp-json\/wp\/v2\/product_tag?post=3512"}],"curies":[{"name":"wp","href":"https:\/\/api.w.org\/{rel}","templated":true}]}}