{"id":3631,"date":"2024-10-07T09:50:56","date_gmt":"2024-10-07T15:50:56","guid":{"rendered":"https:\/\/visualmagiccorp.com\/?post_type=product&#038;p=3631"},"modified":"2024-10-07T09:50:56","modified_gmt":"2024-10-07T15:50:56","slug":"online-reputation-audit","status":"publish","type":"product","link":"https:\/\/visualmagiccorp.com\/es\/product\/auditoria-de-reputacion-online\/","title":{"rendered":"Auditor\u00eda de Reputaci\u00f3n Online"},"content":{"rendered":"<ul>\n<li>Auditor\u00eda completa de la reputaci\u00f3n online.<\/li>\n<li>Evaluaci\u00f3n de rese\u00f1as y comentarios en redes sociales y sitios web.<\/li>\n<li>Estrategias para gestionar crisis de reputaci\u00f3n.<\/li>\n<li>Recomendaciones para fortalecer la presencia positiva en l\u00ednea.<\/li>\n<li>Implementaci\u00f3n de herramientas de monitoreo de reputaci\u00f3n.<\/li>\n<\/ul>\n<p>&nbsp;<\/p>\n<p><strong>Duraci\u00f3n del servicio:<\/strong> 1.5 horas de auditor\u00eda y entrega de recomendaciones detalladas.<\/p>","protected":false},"excerpt":{"rendered":"<p>Este paquete est\u00e1 dirigido a empresas preocupadas por su reputaci\u00f3n en l\u00ednea y c\u00f3mo esta puede afectar su negocio. Nuestros expertos realizar\u00e1n una auditor\u00eda exhaustiva de su reputaci\u00f3n online, identificar\u00e1n \u00e1reas de mejora y proporcionar\u00e1n recomendaciones estrat\u00e9gicas para gestionar y mejorar su reputaci\u00f3n digital.<\/p>","protected":false},"featured_media":3632,"comment_status":"open","ping_status":"closed","template":"","meta":[],"product_brand":[],"product_cat":[18],"product_tag":[],"class_list":{"0":"post-3631","1":"product","2":"type-product","3":"status-publish","4":"has-post-thumbnail","6":"product_cat-seo","8":"first","9":"instock","10":"taxable","11":"shipping-taxable","12":"purchasable","13":"product-type-simple"},"_links":{"self":[{"href":"https:\/\/visualmagiccorp.com\/es\/wp-json\/wp\/v2\/product\/3631","targetHints":{"allow":["GET"]}}],"collection":[{"href":"https:\/\/visualmagiccorp.com\/es\/wp-json\/wp\/v2\/product"}],"about":[{"href":"https:\/\/visualmagiccorp.com\/es\/wp-json\/wp\/v2\/types\/product"}],"replies":[{"embeddable":true,"href":"https:\/\/visualmagiccorp.com\/es\/wp-json\/wp\/v2\/comments?post=3631"}],"wp:featuredmedia":[{"embeddable":true,"href":"https:\/\/visualmagiccorp.com\/es\/wp-json\/wp\/v2\/media\/3632"}],"wp:attachment":[{"href":"https:\/\/visualmagiccorp.com\/es\/wp-json\/wp\/v2\/media?parent=3631"}],"wp:term":[{"taxonomy":"product_brand","embeddable":true,"href":"https:\/\/visualmagiccorp.com\/es\/wp-json\/wp\/v2\/product_brand?post=3631"},{"taxonomy":"product_cat","embeddable":true,"href":"https:\/\/visualmagiccorp.com\/es\/wp-json\/wp\/v2\/product_cat?post=3631"},{"taxonomy":"product_tag","embeddable":true,"href":"https:\/\/visualmagiccorp.com\/es\/wp-json\/wp\/v2\/product_tag?post=3631"}],"curies":[{"name":"wp","href":"https:\/\/api.w.org\/{rel}","templated":true}]}}