{"id":3633,"date":"2024-10-07T09:55:25","date_gmt":"2024-10-07T15:55:25","guid":{"rendered":"https:\/\/visualmagiccorp.com\/?post_type=product&#038;p=3633"},"modified":"2024-10-07T09:55:25","modified_gmt":"2024-10-07T15:55:25","slug":"content-strategy-for-seo","status":"publish","type":"product","link":"https:\/\/visualmagiccorp.com\/es\/product\/estrategia-de-contenidos-para-seo\/","title":{"rendered":"Estrategia de Contenidos para SEO"},"content":{"rendered":"<ul>\n<li>An\u00e1lisis de palabras clave y competencia.<\/li>\n<li>Desarrollo de un calendario editorial de contenido SEO.<\/li>\n<li>Creaci\u00f3n de contenido optimizado para SEO (hasta 5 piezas de contenido).<\/li>\n<li>Optimizaci\u00f3n de contenido existente en su sitio web.<\/li>\n<li>Consultor\u00eda en t\u00e9cnicas de link building y backlinking.<\/li>\n<\/ul>\n<p>&nbsp;<\/p>\n<p><strong>Duraci\u00f3n del servicio:<\/strong> 2 horas  de consultor\u00eda y ejecuci\u00f3n de estrategia de contenido.<\/p>","protected":false},"excerpt":{"rendered":"<p>Este paquete est\u00e1 dise\u00f1ado para empresas que desean mejorar su visibilidad en los motores de b\u00fasqueda a trav\u00e9s de una estrategia de contenido efectiva y optimizada. Nuestros especialistas en SEO y marketing de contenidos desarrollar\u00e1n una estrategia que aumentar\u00e1 el tr\u00e1fico org\u00e1nico y mejorar\u00e1 el posicionamiento de palabras clave relevantes.<\/p>","protected":false},"featured_media":3634,"comment_status":"open","ping_status":"closed","template":"","meta":[],"product_brand":[],"product_cat":[18],"product_tag":[],"class_list":{"0":"post-3633","1":"product","2":"type-product","3":"status-publish","4":"has-post-thumbnail","6":"product_cat-seo","8":"first","9":"instock","10":"taxable","11":"shipping-taxable","12":"purchasable","13":"product-type-simple"},"_links":{"self":[{"href":"https:\/\/visualmagiccorp.com\/es\/wp-json\/wp\/v2\/product\/3633","targetHints":{"allow":["GET"]}}],"collection":[{"href":"https:\/\/visualmagiccorp.com\/es\/wp-json\/wp\/v2\/product"}],"about":[{"href":"https:\/\/visualmagiccorp.com\/es\/wp-json\/wp\/v2\/types\/product"}],"replies":[{"embeddable":true,"href":"https:\/\/visualmagiccorp.com\/es\/wp-json\/wp\/v2\/comments?post=3633"}],"wp:featuredmedia":[{"embeddable":true,"href":"https:\/\/visualmagiccorp.com\/es\/wp-json\/wp\/v2\/media\/3634"}],"wp:attachment":[{"href":"https:\/\/visualmagiccorp.com\/es\/wp-json\/wp\/v2\/media?parent=3633"}],"wp:term":[{"taxonomy":"product_brand","embeddable":true,"href":"https:\/\/visualmagiccorp.com\/es\/wp-json\/wp\/v2\/product_brand?post=3633"},{"taxonomy":"product_cat","embeddable":true,"href":"https:\/\/visualmagiccorp.com\/es\/wp-json\/wp\/v2\/product_cat?post=3633"},{"taxonomy":"product_tag","embeddable":true,"href":"https:\/\/visualmagiccorp.com\/es\/wp-json\/wp\/v2\/product_tag?post=3633"}],"curies":[{"name":"wp","href":"https:\/\/api.w.org\/{rel}","templated":true}]}}